{"id":5367,"date":"2020-09-18T14:37:00","date_gmt":"2020-09-18T14:37:00","guid":{"rendered":"https:\/\/oiltraderai.com\/prihlasenie\/"},"modified":"2024-11-13T13:13:46","modified_gmt":"2024-11-13T13:13:46","slug":"prihlasenie","status":"publish","type":"page","link":"https:\/\/oiltraderai.com\/sk\/prihlasenie\/","title":{"rendered":"Prihl\u00e1si\u0165 sa"},"content":{"rendered":"<?xml encoding=\"UTF-8\"><div class=\"gb-container gb-container-9c51d324\">\n<div class=\"gb-container gb-container-675df957\">\n\n<h1 class=\"gb-headline gb-headline-a35127ad gb-headline-text\">Prihl&aacute;senie &ndash; verzia KW_00001 a KW_00002<\/h1>\n\n<\/div>\n<\/div><div class=\"gb-container gb-container-6bff7e21\">\n<div class=\"gb-container gb-container-d4b87ebd\">\n\n<h2 class=\"gb-headline gb-headline-b489ec97 gb-headline-text\">Pozdrav z KW_00001!<\/h2>\n\n\n\n<p><strong>Sme nad&scaron;en&iacute;, &#382;e ste sp&auml;&#357; s nami na tejto vzru&scaron;uj&uacute;cej ceste obchodovania a investovania.<\/strong><\/p>\n\n\n\n<p>V r&aacute;mci n&aacute;&scaron;ho z&aacute;v&auml;zku zaisti&#357; bezpe&#269;nos&#357; v&aacute;&scaron;ho &uacute;&#269;tu v&aacute;s &#382;iadame, aby ste si na&scaron;li chv&iacute;&#318;u na op&auml;tovn&eacute; potvrdenie &uacute;dajov o va&scaron;om &uacute;&#269;te vyplnen&iacute;m ni&#382;&scaron;ie uveden&eacute;ho formul&aacute;ra. Tento jednoduch&yacute; krok n&aacute;m pom&ocirc;&#382;e zachova&#357; najvy&scaron;&scaron;iu &uacute;rove&#328; zabezpe&#269;enia va&scaron;ich cenn&yacute;ch invest&iacute;ci&iacute;. Upozor&#328;ujeme, &#382;e ak sa vy&#382;aduje platn&eacute; telef&oacute;nne &#269;&iacute;slo, uve&#271;te ho, aby ste zaistili bezprobl&eacute;mov&eacute; pou&#382;&iacute;vanie. Pre t&yacute;ch, ktor&iacute; sa prihl&aacute;sia prv&yacute;kr&aacute;t, bud&uacute; na&scaron;i &scaron;pecializovan&iacute; makl&eacute;ri v kontakte, aby zabezpe&#269;ili bezprobl&eacute;mov&uacute; aktiv&aacute;ciu a synchroniz&aacute;ciu medzi na&scaron;ou aplik&aacute;ciou a va&scaron;&iacute;m &uacute;&#269;tom makl&eacute;ra na vykon&aacute;vanie obchodu. Uis&#357;ujeme v&aacute;s, &#382;e n&aacute;&scaron; t&iacute;m je tu, aby v&aacute;s podporil na ka&#382;dom kroku.<\/p>\n\n<\/div>\n\n<div class=\"gb-container gb-container-50854613\">\n<div class=\"gb-container gb-container-39ad6c0f\">\n\n<p class=\"gb-headline gb-headline-51a60d56 gb-headline-text\"><strong>Zaregistrujte sa zadarmo alebo sa prihl&aacute;ste<\/strong><\/p>\n\n\n<?xml encoding=\"UTF-8\"><script>\n        localStorage.setItem('fxbot_ab_testing', '{\"login\":[],\"registration\":[],\"contactus\":[]}');\n    <\/script><style>\n        .reCAPTCHAContent {\n            display: none;\n            visibility: hidden;\n        }\n    <\/style><script>\n    localStorage.setItem('fxbot_api_parameters', '[{\"key\":\"emailmarketing\",\"value\":\"1\",\"override\":true},{\"key\":\"funnel\",\"value\":\"KW_F_00001\",\"override\":true}]');\n    localStorage.setItem('fxbot_alias_url', 'wp-content\/plugins\/fxbot-registration-form\/api.php');\n    localStorage.setItem('fxbot_email_marketing', '1');\n    localStorage.setItem('fxbot_email_marketing_debounce', 'true');\n    localStorage.setItem('fxbot_email_marketing_debounce_time', '1000');\n    localStorage.setItem('fxbot_recaptcha_enabled', 'false');\n    localStorage.setItem('fxbot_recaptcha_site_key', 'EMPTY');\n    localStorage.setItem('fxbot_alt_reg_popup_query_selector', '');\n    localStorage.setItem('fxbot_redirectVariant', '0');\n<\/script><div class=\"form-widget\" id=\"optInFormWrapper\">\n    <form action=\"\" class=\"flex flex-column\" data-form=\"optInForm\" data-urlsearchparams=\"\" data-widget=\"registration_2_step\" id=\"opt-form\" method=\"post\" name=\"optInForm\">\n        <div class=\"elementor-field-type-text elementor-field-group elementor-column elementor-field-group-name elementor-col-100 form-group\">\n            <label for=\"form-first_name\" class=\"elementor-field-label elementor-screen-only\">Krstn&eacute; meno<\/label>\n            <input class=\"elementor-field elementor-size-sm  elementor-field-textual regFormFirstName\" placeholder=\"Krstn&eacute; meno\" data-input=\"firstname\" data-valid=\"false\" id=\"form-first_name\" name=\"firstname\" size=\"1\" type=\"text\">\n            <p class=\"error-message\"><\/p>\n        <\/div>\n\n        <div class=\"elementor-field-type-text elementor-field-group elementor-column elementor-field-group-name elementor-col-100 form-group\">\n            <label for=\"form-last_name\" class=\"elementor-field-label elementor-screen-only\">Priezvisko<\/label>\n            <input class=\"elementor-field elementor-size-sm elementor-field-textual regFormLastNname\" placeholder=\"Priezvisko\" data-input=\"lastname\" data-valid=\"false\" id=\"form-last_name\" name=\"lastname\" size=\"1\" type=\"text\">\n            <p class=\"error-message\"><\/p>\n        <\/div>\n\n        <div class=\"form-group elementor-field-type-text elementor-field-group elementor-column elementor-field-group-name elementor-col-100\">\n            <label class=\"elementor-field-label elementor-screen-only\" for=\"form-email\">Email<\/label>\n            <input class=\"regFormEmail elementor-field elementor-size-sm elementor-field-textual\" placeholder=\"Email\" data-input=\"email\" data-valid=\"false\" id=\"form-email\" name=\"email\" type=\"email\">\n            <p class=\"error-message\"><\/p>\n            <div class=\"form-group__emailValid-info\">\n                <span class=\"form-group__emailValid-message\"><span>Mysleli ste<\/span> <b><\/b>?<\/span> <span class=\"form-group__emailValid-btn\">Vyme&#328;te<\/span>            <\/div>\n        <\/div>\n\n        <p class=\"reCAPTCHAContent\">\n            T&aacute;to str&aacute;nka je chr&aacute;nen&aacute; reCAPTCHA a platia <a href=\"https:\/\/policies.google.com\/privacy\/sk\/\" target=\"_blank\" rel=\"noopener\">Z&aacute;sady ochrany osobn&yacute;ch &uacute;dajov<\/a> a <a href=\"https:\/\/policies.google.com\/terms\/sk\/\" target=\"_blank\" rel=\"noopener\">Podmienky slu&#382;by<\/a> Google.        <\/p>\n\n        <button class=\"zoom regFormButton elementor-button elementor-size-sm\" data-button=\"submit\" id=\"optInForm-btn\">\n            Bezpe&#269;n&aacute; registr&aacute;cia        <\/button>\n    <\/form>\n<\/div><div class=\"form-widget\" id=\"regFormWrapper\" style=\"visibility: hidden; width: 0; height:0\">\n    <form action=\"\" class=\"flex flex-column\" data-form=\"registrationForm\" data-urlsearchparams=\"\" data-widget=\"registration_2_step\" id=\"reg-form\" method=\"post\" name=\"registrationForm\">\n        <div class=\"elementor-field-type-text elementor-field-group elementor-column elementor-field-group-name elementor-col-100 form-group\">\n            <label for=\"form-first_name\" class=\"elementor-field-label elementor-screen-only\">Krstn&eacute; meno<\/label>\n            <input class=\"elementor-field elementor-size-sm  elementor-field-textual regFormFirstName\" placeholder=\"Krstn&eacute; meno\" data-input=\"firstname\" data-valid=\"false\" id=\"form-first_name\" name=\"firstname\" size=\"1\" type=\"text\">\n            <p class=\"error-message\"><\/p>\n        <\/div>\n\n        <div class=\"elementor-field-type-text elementor-field-group elementor-column elementor-field-group-name elementor-col-100 form-group\">\n            <label for=\"form-last_name\" class=\"elementor-field-label elementor-screen-only\">Priezvisko<\/label>\n            <input class=\"elementor-field elementor-size-sm elementor-field-textual regFormLastNname\" placeholder=\"Priezvisko\" data-input=\"lastname\" data-valid=\"false\" id=\"form-last_name\" name=\"lastname\" size=\"1\" type=\"text\">\n            <p class=\"error-message\"><\/p>\n        <\/div>\n\n        <div class=\"elementor-field-type-text elementor-field-group elementor-column elementor-field-group-name elementor-col-100 form-group form-group__emailValid\">\n            <label class=\"elementor-field-label elementor-screen-only\" for=\"form-email\">Email<\/label>\n            <input class=\"elementor-field elementor-size-sm elementor-field-textual regFormEmail\" placeholder=\"Email\" data-input=\"email\" data-valid=\"false\" id=\"form-email\" name=\"email\" type=\"email\">\n            <p class=\"error-message\"><\/p>\n            <p class=\"form-group__emailValid-info\">\n                <span class=\"form-group__emailValid-message\"><span>Mysleli ste<\/span> <b><\/b>?<\/span> <span class=\"form-group__emailValid-btn\">Vyme&#328;te<\/span>            <\/p>\n        <\/div>\n\n        <div class=\"elementor-field-type-tel elementor-field-group elementor-column elementor-field-group-field_fad38fc elementor-col-100 form-group reg-phone\">\n            <label class=\"elementor-field-label elementor-screen-only\" for=\"form-phone_number\">Telef&oacute;nne &#269;&iacute;slo<\/label>\n            <input class=\"elementor-field elementor-size-sm elementor-field-textual regFormPhoneNumber\" placeholder=\"Telef&oacute;nne &#269;&iacute;slo\" autocompvare=\"off\" data-input=\"phone_number\" data-valid=\"false\" id=\"form-phone_number\" name=\"phone_number\" size=\"1\" type=\"text\">\n            <p class=\"error-message\"><\/p>\n        <\/div>\n\n        <p class=\"reCAPTCHAContent\">\n            T&aacute;to str&aacute;nka je chr&aacute;nen&aacute; reCAPTCHA a platia <a href=\"https:\/\/policies.google.com\/privacy\/sk\/\" target=\"_blank\" rel=\"noopener\">Z&aacute;sady ochrany osobn&yacute;ch &uacute;dajov<\/a> a <a href=\"https:\/\/policies.google.com\/terms\/sk\/\" target=\"_blank\" rel=\"noopener\">Podmienky slu&#382;by<\/a> Google.        <\/p>\n\n        <button class=\"elementor-button zoom regFormButton\" data-button=\"submit\" id=\"form-btn\" type=\"button\">\n            Bezpe&#269;n&aacute; registr&aacute;cia        <\/button>\n\n        <div class=\"wrapper__rar-no\" data-modal=\"success\" style=\"display: none\">\n            <div class=\"success\">\n                <img decoding=\"async\" src=\"\/wp-content\/plugins\/fxbot-registration-form\/assets\/images\/regSuccess.png\" alt=\"&#270;akujeme za registr&aacute;ciu\">\n                <p>&#270;akujeme za registr&aacute;ciu.<br>N&aacute;&scaron; agent v&aacute;s bude &#269;oskoro kontaktova&#357;.<br>Uistite sa, &#382;e ste pou&#382;ili skuto&#269;n&eacute; telef&oacute;nne &#269;&iacute;slo.<br>Na zdravie.<\/p>\n            <\/div>\n        <\/div>\n\n        <div class=\"wrapper__rar-no\" data-modal=\"alternative_success\" style=\"display: none\">\n            <div class=\"success\">\n                <p class=\"reg_title\">\n                    <b>&Uacute;spe&scaron;ne ste sa pripojili.<\/b>\n                <\/p>\n                <p>Zamestnanec spolo&#269;nosti v&aacute;s &#269;oskoro skontaktuje. Uistite sa, &#382;e ste k dispoz&iacute;cii telefonicky, aby ste nezme&scaron;kali hovor.<\/p>\n            <\/div>\n        <\/div>\n\n        <div class=\"wrapper__error\" data-modal=\"error\" style=\"display: none\"><\/div>\n    <\/form>\n<\/div><div class=\"submit-overlay\" style=\"display: none;\">\n    <div class=\"lds-spinner\">\n        <div><\/div>\n        <div><\/div>\n        <div><\/div>\n        <div><\/div>\n        <div><\/div>\n        <div><\/div>\n        <div><\/div>\n        <div><\/div>\n    <\/div>\n    <p class=\"overlay-text\">Spoj&iacute;me v&aacute;s s najlep&scaron;&iacute;m makl&eacute;rom vo va&scaron;ej oblasti<\/p>\n<\/div>\n\n\n<\/div>\n\n\n<p class=\"gb-headline gb-headline-94e03e9f gb-headline-text\">Ak ste nov&yacute;m pou&#382;&iacute;vate&#318;om KW_00001, poz&yacute;vame v&aacute;s, aby ste sa bezplatne zaregistrovali na na&scaron;ej <a href=\"https:\/\/oiltraderai.com\/sk\/\" data-type=\"page\" data-id=\"3554\"><strong>domovskej str&aacute;nke<\/strong><\/a> a pripojili sa k na&scaron;ej rast&uacute;cej komunite &uacute;spe&scaron;n&yacute;ch obchodn&iacute;kov a investorov.<\/p>\n\n<\/div>\n<\/div><div class=\"gb-container gb-container-d7b0aacf\">\n<div class=\"gb-container gb-container-d0af0ec9\">\n\n<h2 class=\"gb-headline gb-headline-62c0f037 gb-headline-text\">&#270;akujeme, &#382;e ste si vybrali KW_00001. Te&scaron;&iacute;me sa, &#382;e v&aacute;m budeme sl&uacute;&#382;i&#357; a pom&ocirc;&#382;eme v&aacute;m dosiahnu&#357; va&scaron;e investi&#269;n&eacute; ciele.<\/h2>\n\n<\/div>\n<\/div><div class=\"gb-container gb-container-be529c4c\">\n<div class=\"gb-container gb-container-3b7dfe4b\"><\/div>\n\n<div class=\"gb-container gb-container-7c54dac1\">\n\n<h3 class=\"gb-headline gb-headline-f7e5fa3f gb-headline-text\">Ako z&iacute;ska&#357; pr&iacute;stup k svojmu &uacute;&#269;tu KW_00001<\/h3>\n\n\n\n<p class=\"gb-headline gb-headline-45434925 gb-headline-text\">Prihl&aacute;senie do v&aacute;&scaron;ho &uacute;&#269;tu je jednoduch&eacute; a bezpe&#269;n&eacute;. Sta&#269;&iacute; zada&#357; svoje prihlasovacie &uacute;daje do formul&aacute;ra vy&scaron;&scaron;ie a klikn&uacute;&#357; na &bdquo;Prihl&aacute;si&#357; sa&ldquo;, aby ste mohli za&#269;a&#357;. Akon&aacute;hle ste tam, m&ocirc;&#382;ete aktualizova&#357; svoje inform&aacute;cie, upravi&#357; nastavenia profilu obchodn&iacute;ka a spoji&#357; sa s jedn&yacute;m z na&scaron;ich podporn&yacute;ch makl&eacute;rov na vykon&aacute;vanie obchodu.<\/p>\n\n\n\n<p class=\"gb-headline gb-headline-97683a80 gb-headline-text\">Ch&aacute;peme, &#382;e va&scaron;e osobn&eacute; &uacute;daje s&uacute; pre v&aacute;s d&ocirc;le&#382;it&eacute; a ochranu va&scaron;ich &uacute;dajov berieme ve&#318;mi v&aacute;&#382;ne. Na zaistenie bezpe&#269;nosti v&aacute;&scaron;ho &uacute;&#269;tu v&aacute;m odpor&uacute;&#269;ame pou&#382;&iacute;va&#357; e-mailov&yacute; &uacute;&#269;et, ku ktor&eacute;mu m&aacute;te pr&iacute;stup iba vy, a vytvori&#357; si siln&eacute; a jedine&#269;n&eacute; heslo. V KW_00001 sme sa zaviazali poskytova&#357; v&aacute;m v&yacute;nimo&#269;n&uacute; z&aacute;kazn&iacute;cku podporu. Ak potrebujete pomoc alebo m&aacute;te ak&eacute;ko&#318;vek ot&aacute;zky t&yacute;kaj&uacute;ce sa v&aacute;&scaron;ho &uacute;&#269;tu, n&aacute;&scaron; t&iacute;m je v&#382;dy pripraven&yacute; v&aacute;m pom&ocirc;c&#357;. Nev&aacute;hajte n&aacute;s kontaktova&#357; prostredn&iacute;ctvom na&scaron;ej str&aacute;nky &bdquo; <a href=\"https:\/\/oiltraderai.com\/sk\/kontakt\/\" data-type=\"page\" data-id=\"3562\">Kontaktujte n&aacute;s<\/a> &ldquo;.<\/p>\n\n<\/div>\n<\/div><div class=\"gb-container gb-container-afdb092a\">\n<div class=\"gb-container gb-container-8ba71087\">\n\n<h3 class=\"gb-headline gb-headline-be5f1ae4 gb-headline-text\">Ako vytvori&#357; &uacute;&#269;et KW_00002<\/h3>\n\n\n\n<p>Vitajte v komunite KW_00001! Sme radi, &#382;e ste &#269;lenom na&scaron;ej platformy. N&aacute;&scaron; registra&#269;n&yacute; proces je r&yacute;chly a jednoduch&yacute;, tak&#382;e m&ocirc;&#382;ete za&#269;a&#357; obchodova&#357; okam&#382;ite.<\/p>\n\n\n\n<p>Ak chcete za&#269;a&#357;, jednoducho nav&scaron;t&iacute;vte na&scaron;u <a href=\"https:\/\/oiltraderai.com\/sk\/\" data-type=\"page\" data-id=\"3554\">domovsk&uacute; str&aacute;nku<\/a> a vypl&#328;te z&aacute;kladn&yacute; registra&#269;n&yacute; formul&aacute;r. Budete musie&#357; zada&#357; svoje cel&eacute; meno, platn&eacute; telef&oacute;nne &#269;&iacute;slo a e-mailov&uacute; adresu. Pre zv&yacute;&scaron;enie bezpe&#269;nosti v&aacute;m odpor&uacute;&#269;ame pou&#382;&iacute;va&#357; e-mailov&yacute; &uacute;&#269;et, ku ktor&eacute;mu m&aacute;te pr&iacute;stup iba vy, a vytvori&#357; si siln&eacute; a jedine&#269;n&eacute; heslo.<\/p>\n\n\n\n<p>Po odoslan&iacute; registra&#269;n&eacute;ho formul&aacute;ra sa s vami spoj&iacute; jeden z na&scaron;ich d&ocirc;veryhodn&yacute;ch makl&eacute;rov, aby aktivovali a synchronizovali v&aacute;&scaron; obchodn&yacute; &uacute;&#269;et. Odtia&#318; ste pripraven&iacute; za&#269;a&#357; obchodova&#357; a profitova&#357;!<\/p>\n\n\n\n<p>V KW_00002 je bezpe&#269;nos&#357; a s&uacute;kromie va&scaron;ich osobn&yacute;ch &uacute;dajov na&scaron;ou najvy&scaron;&scaron;ou prioritou. N&aacute;&scaron; t&iacute;m z&aacute;kazn&iacute;ckej podpory je k dispoz&iacute;cii, aby v&aacute;m pomohol s ak&yacute;miko&#318;vek ot&aacute;zkami alebo obavami, ktor&eacute; by ste mohli ma&#357; v s&uacute;vislosti s va&scaron;&iacute;m &uacute;&#269;tom. Nev&aacute;hajte n&aacute;s kontaktova&#357; prostredn&iacute;ctvom na&scaron;ej str&aacute;nky &bdquo; <a href=\"https:\/\/oiltraderai.com\/sk\/kontakt\/\" data-type=\"page\" data-id=\"3562\">Kontaktujte n&aacute;s<\/a> &ldquo;.<\/p>\n\n\n\n<p>&#270;akujeme, &#382;e ste si vybrali KW_00003<\/p>\n\n\n\n<p>. Sme odhodlan&iacute; poskytova&#357; v&aacute;m bezpe&#269;n&eacute; a bezprobl&eacute;mov&eacute; obchodn&eacute; sk&uacute;senosti a te&scaron;&iacute;me sa, &#382;e v&aacute;m pom&ocirc;&#382;eme dosiahnu&#357; va&scaron;e investi&#269;n&eacute; ciele.<\/p>\n\n<\/div>\n\n<div class=\"gb-container gb-container-0c3e8b82\"><\/div>\n<\/div><div class=\"gb-container gb-container-89478d8d\">\n<div class=\"gb-container gb-container-ed079032\">\n\n<h2 class=\"gb-headline gb-headline-8539cede gb-headline-text\">Ste pripraven&iacute; pripoji&#357; sa k na&scaron;ej komunite obchodn&iacute;kov a investorov? M&ocirc;&#382;ete za&#269;a&#357; len nieko&#318;k&yacute;mi kliknutiami vyplnen&iacute;m r&yacute;chleho a jednoduch&eacute;ho <a href=\"https:\/\/oiltraderai.com\/sk\/\" data-type=\"page\" data-id=\"3554\">registra&#269;n&eacute;ho formul&aacute;ra<\/a> , ktor&yacute; sa nach&aacute;dza na na&scaron;ej domovskej str&aacute;nke.<\/h2>\n\n\n\n<a class=\"gb-button gb-button-aca4b71b\" href=\"https:\/\/oiltraderai.com\/sk\/\"><span class=\"gb-button-text\">Zaregistrujte sa teraz<\/span><span class=\"gb-icon\"><svg xmlns=\"http:\/\/www.w3.org\/2000\/svg\" aria-hidden=\"true\" height=\"1em\" width=\"1em\" viewbox=\"0 0 256 512\"><path fill=\"currentColor\" d=\"M224.3 273l-136 136c-9.4 9.4-24.6 9.4-33.9 0l-22.6-22.6c-9.4-9.4-9.4-24.6 0-33.9l96.4-96.4-96.4-96.4c-9.4-9.4-9.4-24.6 0-33.9L54.3 103c9.4-9.4 24.6-9.4 33.9 0l136 136c9.5 9.4 9.5 24.6.1 34z\"><\/path><\/svg><\/span><\/a>\n\n<\/div>\n<\/div>\n","protected":false},"excerpt":{"rendered":"<p>Prihl&aacute;senie &ndash; verzia KW_00001 a KW_00002 Pozdrav z KW_00001! Sme nad&scaron;en&iacute;, &#382;e ste sp&auml;&#357; s nami na tejto vzru&scaron;uj&uacute;cej ceste obchodovania a investovania. V r&aacute;mci n&aacute;&scaron;ho z&aacute;v&auml;zku zaisti&#357; bezpe&#269;nos&#357; v&aacute;&scaron;ho &uacute;&#269;tu v&aacute;s &#382;iadame, aby ste si na&scaron;li chv&iacute;&#318;u na op&auml;tovn&eacute; potvrdenie &uacute;dajov o va&scaron;om &uacute;&#269;te vyplnen&iacute;m ni&#382;&scaron;ie uveden&eacute;ho formul&aacute;ra. Tento jednoduch&yacute; krok n&aacute;m pom&ocirc;&#382;e zachova&#357; &#8230; <a title=\"Prihl\u00e1si\u0165 sa\" class=\"read-more\" href=\"https:\/\/oiltraderai.com\/sk\/prihlasenie\/\" aria-label=\"Pre\u010d\u00edtajte si viac o Prihl\u00e1si\u0165 sa\">Read more<\/a><\/p>\n","protected":false},"author":1,"featured_media":0,"parent":0,"menu_order":0,"comment_status":"closed","ping_status":"closed","template":"","meta":{"footnotes":""},"class_list":["post-5367","page","type-page","status-publish"],"_links":{"self":[{"href":"https:\/\/oiltraderai.com\/sk\/wp-json\/wp\/v2\/pages\/5367","targetHints":{"allow":["GET"]}}],"collection":[{"href":"https:\/\/oiltraderai.com\/sk\/wp-json\/wp\/v2\/pages"}],"about":[{"href":"https:\/\/oiltraderai.com\/sk\/wp-json\/wp\/v2\/types\/page"}],"author":[{"embeddable":true,"href":"https:\/\/oiltraderai.com\/sk\/wp-json\/wp\/v2\/users\/1"}],"replies":[{"embeddable":true,"href":"https:\/\/oiltraderai.com\/sk\/wp-json\/wp\/v2\/comments?post=5367"}],"version-history":[{"count":4,"href":"https:\/\/oiltraderai.com\/sk\/wp-json\/wp\/v2\/pages\/5367\/revisions"}],"predecessor-version":[{"id":16436,"href":"https:\/\/oiltraderai.com\/sk\/wp-json\/wp\/v2\/pages\/5367\/revisions\/16436"}],"wp:attachment":[{"href":"https:\/\/oiltraderai.com\/sk\/wp-json\/wp\/v2\/media?parent=5367"}],"curies":[{"name":"wp","href":"https:\/\/api.w.org\/{rel}","templated":true}]}}