{"id":5316,"date":"2023-04-18T13:21:21","date_gmt":"2023-04-18T13:21:21","guid":{"rendered":"https:\/\/oiltraderai.com\/polityka-prywatnosci\/"},"modified":"2023-06-27T11:08:27","modified_gmt":"2023-06-27T11:08:27","slug":"polityka-prywatnosci","status":"publish","type":"page","link":"https:\/\/oiltraderai.com\/pl\/polityka-prywatnosci\/","title":{"rendered":"Polityka prywatno\u015bci"},"content":{"rendered":"<?xml encoding=\"UTF-8\"><div class=\"gb-container gb-container-9c51d324\">\n<div class=\"gb-container gb-container-675df957\">\n\n<h1 class=\"gb-headline gb-headline-a35127ad gb-headline-text\">Polityka prywatno&#347;ci<\/h1>\n\n<\/div>\n<\/div><div class=\"gb-container gb-container-cba88ee6\">\n<div class=\"gb-container gb-container-58740103\">\n\n<h2 class=\"wp-block-heading\">Kim jeste&#347;my<\/h2>\n\n\n\n<p>Adres naszej strony internetowej to: https:oiltraderai.<\/p>\n\n\n\n<h2 class=\"wp-block-heading\">Uwagi<\/h2>\n\n\n\n<p>Kiedy odwiedzaj&#261;cy pozostawiaj&#261; komentarze na stronie, zbieramy dane widoczne w formularzu komentarzy, a tak&#380;e adres IP odwiedzaj&#261;cego i ci&#261;g agenta u&#380;ytkownika przegl&#261;darki, aby pom&oacute;c w wykrywaniu spamu.<\/p>\n\n\n\n<p>Anonimowy ci&#261;g utworzony z Twojego adresu e-mail (zwany r&oacute;wnie&#380; hashem) mo&#380;e by&#263; dostarczony do us&#322;ugi Gravatar, aby sprawdzi&#263;, czy z niej korzystasz. Polityka prywatno&#347;ci serwisu Gravatar jest dost&#281;pna tutaj: https:\/\/automattic.com\/privacy\/. Po zatwierdzeniu komentarza, Twoje zdj&#281;cie profilowe jest widoczne publicznie w kontek&#347;cie Twojego komentarza.<\/p>\n\n\n\n<h2 class=\"wp-block-heading\">Media<\/h2>\n\n\n\n<p>Je&#347;li przesy&#322;asz zdj&#281;cia na stron&#281; internetow&#261;, powiniene&#347; unika&#263; przesy&#322;ania zdj&#281;&#263; z osadzonymi danymi o lokalizacji (EXIF GPS). Osoby odwiedzaj&#261;ce stron&#281; internetow&#261; mog&#261; pobra&#263; i wyodr&#281;bni&#263; dowolne dane dotycz&#261;ce lokalizacji z obraz&oacute;w znajduj&#261;cych si&#281; na stronie.<\/p>\n\n\n\n<h2 class=\"wp-block-heading\">Cookies<\/h2>\n\n\n\n<p>Je&#347;li zostawisz komentarz na naszej stronie, mo&#380;esz wyrazi&#263; zgod&#281; na zapisanie Twojego imienia, adresu e-mail i strony internetowej w plikach cookies. S&#261; one dla Twojej wygody, aby&#347; nie musia&#322; ponownie wype&#322;nia&#263; swoich danych, gdy zostawiasz kolejny komentarz. Te ciasteczka wystarcz&#261; na jeden rok.<\/p>\n\n\n\n<p>Je&#347;li odwiedzisz nasz&#261; stron&#281; logowania, ustawimy tymczasowy plik cookie, aby ustali&#263;, czy Twoja przegl&#261;darka akceptuje pliki cookie. Ten plik cookie nie zawiera &#380;adnych danych osobowych i jest usuwany po zamkni&#281;ciu przegl&#261;darki.<\/p>\n\n\n\n<p>Po zalogowaniu si&#281; ustawimy r&oacute;wnie&#380; kilka plik&oacute;w cookie, aby zapisa&#263; informacje o logowaniu i wybory dotycz&#261;ce wy&#347;wietlania ekranu. Pliki cookie logowania trwaj&#261; dwa dni, a pliki cookie opcji ekranu &ndash; rok. Je&#347;li wybierzesz opcj&#281; &bdquo;Zapami&#281;taj mnie&rdquo;, Tw&oacute;j login b&#281;dzie utrzymywa&#322; si&#281; przez dwa tygodnie. Je&#347;li wylogujesz si&#281; ze swojego konta, pliki cookie logowania zostan&#261; usuni&#281;te.<\/p>\n\n\n\n<p>Je&#347;li edytujesz lub publikujesz artyku&#322;, dodatkowy plik cookie zostanie zapisany w Twojej przegl&#261;darce. Ten plik cookie nie zawiera &#380;adnych danych osobowych i po prostu wskazuje ID postu artyku&#322;u, kt&oacute;ry w&#322;a&#347;nie edytowa&#322;e&#347;. Wygasa on po 1 dniu.<\/p>\n\n\n\n<h2 class=\"wp-block-heading\">Osadzone tre&#347;ci z innych stron internetowych<\/h2>\n\n\n\n<p>Artyku&#322;y na tej stronie mog&#261; zawiera&#263; osadzone tre&#347;ci (np. filmy, obrazy, artyku&#322;y itp.). Osadzone tre&#347;ci z innych stron internetowych zachowuj&#261; si&#281; dok&#322;adnie tak samo, jakby odwiedzaj&#261;cy odwiedzi&#322; inn&#261; stron&#281;.<\/p>\n\n\n\n<p>Te strony internetowe mog&#261; zbiera&#263; dane o u&#380;ytkowniku, u&#380;ywa&#263; plik&oacute;w cookie, osadza&#263; dodatkowe elementy &#347;ledzenia przez osoby trzecie i monitorowa&#263; interakcje u&#380;ytkownika z t&#261; osadzon&#261; tre&#347;ci&#261;, w tym &#347;ledzi&#263; interakcje u&#380;ytkownika z osadzon&#261; tre&#347;ci&#261;, je&#347;li u&#380;ytkownik posiada konto i jest zalogowany na tej stronie internetowej.<\/p>\n\n\n\n<h2 class=\"wp-block-heading\">Komu udost&#281;pniamy Twoje dane<\/h2>\n\n\n\n<p>Je&#347;li za&#380;&#261;dasz zresetowania has&#322;a, Tw&oacute;j adres IP zostanie uwzgl&#281;dniony w wiadomo&#347;ci e-mail dotycz&#261;cej zresetowania.<\/p>\n\n\n\n<h2 class=\"wp-block-heading\">Jak d&#322;ugo przechowujemy Twoje dane<\/h2>\n\n\n\n<p>Je&#347;li zostawisz komentarz, komentarz i jego metadane s&#261; przechowywane przez czas nieokre&#347;lony. Dzi&#281;ki temu b&#281;dziemy mogli automatycznie rozpozna&#263; i zatwierdzi&#263; wszelkie kolejne komentarze, zamiast trzyma&#263; je w kolejce do moderacji.<\/p>\n\n\n\n<p>W przypadku u&#380;ytkownik&oacute;w, kt&oacute;rzy zarejestruj&#261; si&#281; na naszej stronie internetowej (je&#347;li tacy s&#261;), przechowujemy r&oacute;wnie&#380; dane osobowe, kt&oacute;re podaj&#261; w swoim profilu u&#380;ytkownika. Wszyscy u&#380;ytkownicy mog&#261; zobaczy&#263;, edytowa&#263; lub usun&#261;&#263; swoje dane osobowe w dowolnym momencie (z wyj&#261;tkiem tego, &#380;e nie mog&#261; zmieni&#263; swojej nazwy u&#380;ytkownika). Administratorzy strony mog&#261; r&oacute;wnie&#380; zobaczy&#263; i edytowa&#263; te informacje.<\/p>\n\n\n\n<h2 class=\"wp-block-heading\">Jakie prawa przys&#322;uguj&#261; Pa&#324;stwu w odniesieniu do Pa&#324;stwa danych<\/h2>\n\n\n\n<p>Je&#347;li masz konto na tej stronie lub zostawi&#322;e&#347; komentarze, mo&#380;esz poprosi&#263; o otrzymanie wyeksportowanego pliku z danymi osobowymi, kt&oacute;re posiadamy na Tw&oacute;j temat, w tym wszelkie dane, kt&oacute;re nam przekaza&#322;e&#347;. Mo&#380;esz r&oacute;wnie&#380; za&#380;&#261;da&#263;, aby&#347;my usun&#281;li wszelkie dane osobowe, kt&oacute;re przechowujemy na Tw&oacute;j temat. Nie obejmuje to danych, kt&oacute;re jeste&#347;my zobowi&#261;zani przechowywa&#263; dla cel&oacute;w administracyjnych, prawnych lub bezpiecze&#324;stwa.<\/p>\n\n\n\n<h2 class=\"wp-block-heading\">Gdzie przesy&#322;ane s&#261; Twoje dane<\/h2>\n\n\n\n<p>Komentarze odwiedzaj&#261;cych mog&#261; by&#263; sprawdzane za pomoc&#261; automatycznej us&#322;ugi wykrywania spamu.<\/p>\n\n<\/div>\n<\/div>\n","protected":false},"excerpt":{"rendered":"<p>Polityka prywatno&#347;ci Kim jeste&#347;my Adres naszej strony internetowej to: https:oiltraderai. Uwagi Kiedy odwiedzaj&#261;cy pozostawiaj&#261; komentarze na stronie, zbieramy dane widoczne w formularzu komentarzy, a tak&#380;e adres IP odwiedzaj&#261;cego i ci&#261;g agenta u&#380;ytkownika przegl&#261;darki, aby pom&oacute;c w wykrywaniu spamu. Anonimowy ci&#261;g utworzony z Twojego adresu e-mail (zwany r&oacute;wnie&#380; hashem) mo&#380;e by&#263; dostarczony do us&#322;ugi Gravatar, aby &#8230; <a title=\"Polityka prywatno\u015bci\" class=\"read-more\" href=\"https:\/\/oiltraderai.com\/pl\/polityka-prywatnosci\/\" aria-label=\"Dowiedz si\u0119 wi\u0119cej o Polityka prywatno\u015bci\">Czytaj dalej<\/a><\/p>\n","protected":false},"author":1,"featured_media":0,"parent":0,"menu_order":0,"comment_status":"closed","ping_status":"open","template":"","meta":{"footnotes":""},"class_list":["post-5316","page","type-page","status-publish"],"_links":{"self":[{"href":"https:\/\/oiltraderai.com\/pl\/wp-json\/wp\/v2\/pages\/5316","targetHints":{"allow":["GET"]}}],"collection":[{"href":"https:\/\/oiltraderai.com\/pl\/wp-json\/wp\/v2\/pages"}],"about":[{"href":"https:\/\/oiltraderai.com\/pl\/wp-json\/wp\/v2\/types\/page"}],"author":[{"embeddable":true,"href":"https:\/\/oiltraderai.com\/pl\/wp-json\/wp\/v2\/users\/1"}],"replies":[{"embeddable":true,"href":"https:\/\/oiltraderai.com\/pl\/wp-json\/wp\/v2\/comments?post=5316"}],"version-history":[{"count":2,"href":"https:\/\/oiltraderai.com\/pl\/wp-json\/wp\/v2\/pages\/5316\/revisions"}],"predecessor-version":[{"id":6392,"href":"https:\/\/oiltraderai.com\/pl\/wp-json\/wp\/v2\/pages\/5316\/revisions\/6392"}],"wp:attachment":[{"href":"https:\/\/oiltraderai.com\/pl\/wp-json\/wp\/v2\/media?parent=5316"}],"curies":[{"name":"wp","href":"https:\/\/api.w.org\/{rel}","templated":true}]}}