{"id":5207,"date":"2020-09-18T14:37:23","date_gmt":"2020-09-18T14:37:23","guid":{"rendered":"https:\/\/oiltraderai.com\/kontakt\/"},"modified":"2024-11-13T13:12:53","modified_gmt":"2024-11-13T13:12:53","slug":"kontakt","status":"publish","type":"page","link":"https:\/\/oiltraderai.com\/pl\/kontakt\/","title":{"rendered":"Skontaktuj si\u0119 z nami"},"content":{"rendered":"<?xml encoding=\"UTF-8\"><div class=\"gb-container gb-container-9c51d324\">\n<div class=\"gb-container gb-container-675df957\">\n\n<h1 class=\"gb-headline gb-headline-a35127ad gb-headline-text\">Skontaktuj si&#281; z nami &ndash; wersja KW_00001 i KW_00002<\/h1>\n\n<\/div>\n<\/div><div class=\"gb-container gb-container-b46577ff\">\n<div class=\"gb-container gb-container-3687f5e1\">\n\n<h2 class=\"gb-headline gb-headline-7991a69e gb-headline-text\">Skontaktuj si&#281; z nami ju&#380; dzi&#347;<\/h2>\n\n\n\n<p><strong>Jeste&#347;my tutaj, aby pom&oacute;c Ci w pe&#322;ni wykorzysta&#263; Twoje do&#347;wiadczenie z KW_00001.<\/strong><\/p>\n\n\n\n<p>Nasz oddany zesp&oacute;&#322; wsparcia jest do Twojej dyspozycji, aby odpowiedzie&#263; na wszelkie pytania techniczne lub og&oacute;lne zwi&#261;zane ze wsparciem. Niezale&#380;nie od tego, czy masz pytanie dotycz&#261;ce naszego bota handlowego, czy potrzebujesz pomocy ze swoim kontem, nasz zesp&oacute;&#322; jest gotowy, aby Ci pom&oacute;c. Mo&#380;esz skontaktowa&#263; si&#281; z nami e-mailem lub telefonicznie, a my z przyjemno&#347;ci&#261; odpowiemy na Twoje pytania.<\/p>\n\n\n\n<p>Nale&#380;y pami&#281;ta&#263;, &#380;e nasz zesp&oacute;&#322; wsparcia zajmuje si&#281; wy&#322;&#261;cznie zapewnianiem wsparcia technicznego i og&oacute;lnego. W przypadku zapyta&#324; zwi&#261;zanych z dzia&#322;alno&#347;ci&#261; handlow&#261; prosimy o bezpo&#347;redni kontakt z jednym z naszych zaufanych broker&oacute;w wykonawczych. Nie masz jeszcze konta u brokera wykonawczego? Nie ma problemu &ndash; mo&#380;emy skontaktowa&#263; Ci&#281; bezpo&#347;rednio z jednym z naszych obs&#322;ugiwanych broker&oacute;w.<\/p>\n\n\n\n<p>Nasz zesp&oacute;&#322; wsparcia jest dost&#281;pny od poniedzia&#322;ku do pi&#261;tku w godzinach od 9:00 do 18:00 czasu UTC+8.  <\/p>\n\n\n\n<p>Dzi&#281;kujemy za wybranie KW_00001. Ch&#281;tnie pomo&#380;emy Ci osi&#261;gn&#261;&#263; Twoje cele inwestycyjne.<\/p>\n\n\n\n<a class=\"gb-button gb-button-d62a7e90\" href=\"poczta%20na%20adres:%20oiltraderai%20.com\"><span class=\"gb-icon\"><svg xmlns=\"http:\/\/www.w3.org\/2000\/svg\" aria-hidden=\"true\" height=\"1em\" width=\"1em\" viewbox=\"0 0 512 512\"><path fill=\"currentColor\" d=\"M464 64H48C21.49 64 0 85.49 0 112v288c0 26.51 21.49 48 48 48h416c26.51 0 48-21.49 48-48V112c0-26.51-21.49-48-48-48zm0 48v40.805c-22.422 18.259-58.168 46.651-134.587 106.49-16.841 13.247-50.201 45.072-73.413 44.701-23.208.375-56.579-31.459-73.413-44.701C106.18 199.465 70.425 171.067 48 152.805V112h416zM48 400V214.398c22.914 18.251 55.409 43.862 104.938 82.646 21.857 17.205 60.134 55.186 103.062 54.955 42.717.231 80.509-37.199 103.053-54.947 49.528-38.783 82.032-64.401 104.947-82.653V400H48z\"><\/path><\/svg><\/span><span class=\"gb-button-text\">oiltraderai<\/span><\/a>\n\n\n<div class=\"gb-container gb-container-c0a360dd\">\n\n<a class=\"gb-button gb-button-52c4a246\" href=\"#\"><span class=\"gb-icon\"><svg xmlns=\"http:\/\/www.w3.org\/2000\/svg\" aria-hidden=\"true\" height=\"1em\" width=\"1em\" viewbox=\"0 0 512 512\"><path fill=\"currentColor\" d=\"M459.37 151.716c.325 4.548.325 9.097.325 13.645 0 138.72-105.583 298.558-298.558 298.558-59.452 0-114.68-17.219-161.137-47.106 8.447.974 16.568 1.299 25.34 1.299 49.055 0 94.213-16.568 130.274-44.832-46.132-.975-84.792-31.188-98.112-72.772 6.498.974 12.995 1.624 19.818 1.624 9.421 0 18.843-1.3 27.614-3.573-48.081-9.747-84.143-51.98-84.143-102.985v-1.299c13.969 7.797 30.214 12.67 47.431 13.319-28.264-18.843-46.781-51.005-46.781-87.391 0-19.492 5.197-37.36 14.294-52.954 51.655 63.675 129.3 105.258 216.365 109.807-1.624-7.797-2.599-15.918-2.599-24.04 0-57.828 46.782-104.934 104.934-104.934 30.213 0 57.502 12.67 76.67 33.137 23.715-4.548 46.456-13.32 66.599-25.34-7.798 24.366-24.366 44.833-46.132 57.827 21.117-2.273 41.584-8.122 60.426-16.243-14.292 20.791-32.161 39.308-52.628 54.253z\"><\/path><\/svg><\/span><\/a>\n\n<\/div>\n\n\n<p class=\"gb-headline gb-headline-0efc6611 gb-headline-text\">KW_00001 PTE LTD<br> Droga Robinson, 71<br> Singapur 068895<\/p>\n\n<\/div>\n\n<div class=\"gb-container gb-container-bcf9f1d9\">\n<div class=\"gb-container gb-container-231269ec\">\n\n<p class=\"gb-headline gb-headline-15821d32 gb-headline-text\"><strong>Skontaktuj si&#281; z nami i bezp&#322;atna rejestracja<\/strong><\/p>\n\n\n<?xml encoding=\"UTF-8\"><script>\n        localStorage.setItem('fxbot_ab_testing', '{\"login\":[],\"registration\":[],\"contactus\":[]}');\n    <\/script><style>\n        .reCAPTCHAContent {\n            display: none;\n            visibility: hidden;\n        }\n    <\/style><script>\n    localStorage.setItem('fxbot_api_parameters', '[{\"key\":\"emailmarketing\",\"value\":\"1\",\"override\":true},{\"key\":\"funnel\",\"value\":\"KW_F_00001\",\"override\":true}]');\n    localStorage.setItem('fxbot_alias_url', 'wp-content\/plugins\/fxbot-registration-form\/api.php');\n    localStorage.setItem('fxbot_email_marketing', '1');\n    localStorage.setItem('fxbot_email_marketing_debounce', 'true');\n    localStorage.setItem('fxbot_email_marketing_debounce_time', '1000');\n    localStorage.setItem('fxbot_recaptcha_enabled', 'false');\n    localStorage.setItem('fxbot_recaptcha_site_key', 'EMPTY');\n    localStorage.setItem('fxbot_alt_reg_popup_query_selector', '');\n    localStorage.setItem('fxbot_redirectVariant', '0');\n<\/script><div class=\"form-widget\" id=\"optInFormWrapper\">\n    <form action=\"\" class=\"flex flex-column\" data-form=\"optInForm\" data-urlsearchparams=\"\" data-widget=\"registration_2_step\" id=\"opt-form\" method=\"post\" name=\"optInForm\">\n        <div class=\"elementor-field-type-text elementor-field-group elementor-column elementor-field-group-name elementor-col-100 form-group\">\n            <label for=\"form-first_name\" class=\"elementor-field-label elementor-screen-only\">Imi&#281;<\/label>\n            <input class=\"elementor-field elementor-size-sm  elementor-field-textual regFormFirstName\" placeholder=\"Imi&#281;\" data-input=\"firstname\" data-valid=\"false\" id=\"form-first_name\" name=\"firstname\" size=\"1\" type=\"text\">\n            <p class=\"error-message\"><\/p>\n        <\/div>\n\n        <div class=\"elementor-field-type-text elementor-field-group elementor-column elementor-field-group-name elementor-col-100 form-group\">\n            <label for=\"form-last_name\" class=\"elementor-field-label elementor-screen-only\">Nazwisko<\/label>\n            <input class=\"elementor-field elementor-size-sm elementor-field-textual regFormLastNname\" placeholder=\"Nazwisko\" data-input=\"lastname\" data-valid=\"false\" id=\"form-last_name\" name=\"lastname\" size=\"1\" type=\"text\">\n            <p class=\"error-message\"><\/p>\n        <\/div>\n\n        <div class=\"form-group elementor-field-type-text elementor-field-group elementor-column elementor-field-group-name elementor-col-100\">\n            <label class=\"elementor-field-label elementor-screen-only\" for=\"form-email\">E-mail<\/label>\n            <input class=\"regFormEmail elementor-field elementor-size-sm elementor-field-textual\" placeholder=\"E-mail\" data-input=\"email\" data-valid=\"false\" id=\"form-email\" name=\"email\" type=\"email\">\n            <p class=\"error-message\"><\/p>\n            <div class=\"form-group__emailValid-info\">\n                <span class=\"form-group__emailValid-message\"><span>Czy chodzi&#322;o Ci o<\/span> <b><\/b>?<\/span> <span class=\"form-group__emailValid-btn\">Zast&#281;powa&#263;<\/span>            <\/div>\n        <\/div>\n\n        <p class=\"reCAPTCHAContent\">\n            Ta strona jest chroniona przez reCAPTCHA, obowi&#261;zuje <a href=\"https:\/\/policies.google.com\/privacy\/pl\/\" target=\"_blank\" rel=\"noopener\">Polityka prywatno&#347;ci<\/a> oraz <a href=\"https:\/\/policies.google.com\/terms\/pl\/\" target=\"_blank\" rel=\"noopener\">Regulamin us&#322;ugi<\/a> Google.        <\/p>\n\n        <button class=\"zoom regFormButton elementor-button elementor-size-sm\" data-button=\"submit\" id=\"optInForm-btn\">\n            Submit        <\/button>\n    <\/form>\n<\/div><div class=\"form-widget\" id=\"regFormWrapper\" style=\"visibility: hidden; width: 0; height:0\">\n    <form action=\"\" class=\"flex flex-column\" data-form=\"registrationForm\" data-urlsearchparams=\"\" data-widget=\"registration_2_step\" id=\"reg-form\" method=\"post\" name=\"registrationForm\">\n        <div class=\"elementor-field-type-text elementor-field-group elementor-column elementor-field-group-name elementor-col-100 form-group\">\n            <label for=\"form-first_name\" class=\"elementor-field-label elementor-screen-only\">Imi&#281;<\/label>\n            <input class=\"elementor-field elementor-size-sm  elementor-field-textual regFormFirstName\" placeholder=\"Imi&#281;\" data-input=\"firstname\" data-valid=\"false\" id=\"form-first_name\" name=\"firstname\" size=\"1\" type=\"text\">\n            <p class=\"error-message\"><\/p>\n        <\/div>\n\n        <div class=\"elementor-field-type-text elementor-field-group elementor-column elementor-field-group-name elementor-col-100 form-group\">\n            <label for=\"form-last_name\" class=\"elementor-field-label elementor-screen-only\">Nazwisko<\/label>\n            <input class=\"elementor-field elementor-size-sm elementor-field-textual regFormLastNname\" placeholder=\"Nazwisko\" data-input=\"lastname\" data-valid=\"false\" id=\"form-last_name\" name=\"lastname\" size=\"1\" type=\"text\">\n            <p class=\"error-message\"><\/p>\n        <\/div>\n\n        <div class=\"elementor-field-type-text elementor-field-group elementor-column elementor-field-group-name elementor-col-100 form-group form-group__emailValid\">\n            <label class=\"elementor-field-label elementor-screen-only\" for=\"form-email\">E-mail<\/label>\n            <input class=\"elementor-field elementor-size-sm elementor-field-textual regFormEmail\" placeholder=\"E-mail\" data-input=\"email\" data-valid=\"false\" id=\"form-email\" name=\"email\" type=\"email\">\n            <p class=\"error-message\"><\/p>\n            <p class=\"form-group__emailValid-info\">\n                <span class=\"form-group__emailValid-message\"><span>Czy chodzi&#322;o Ci o<\/span> <b><\/b>?<\/span> <span class=\"form-group__emailValid-btn\">Zast&#281;powa&#263;<\/span>            <\/p>\n        <\/div>\n\n        <div class=\"elementor-field-type-tel elementor-field-group elementor-column elementor-field-group-field_fad38fc elementor-col-100 form-group reg-phone\">\n            <label class=\"elementor-field-label elementor-screen-only\" for=\"form-phone_number\">Numer telefonu<\/label>\n            <input class=\"elementor-field elementor-size-sm elementor-field-textual regFormPhoneNumber\" placeholder=\"Numer telefonu\" autocompvare=\"off\" data-input=\"phone_number\" data-valid=\"false\" id=\"form-phone_number\" name=\"phone_number\" size=\"1\" type=\"text\">\n            <p class=\"error-message\"><\/p>\n        <\/div>\n\n        <p class=\"reCAPTCHAContent\">\n            Ta strona jest chroniona przez reCAPTCHA, obowi&#261;zuje <a href=\"https:\/\/policies.google.com\/privacy\/pl\/\" target=\"_blank\" rel=\"noopener\">Polityka prywatno&#347;ci<\/a> oraz <a href=\"https:\/\/policies.google.com\/terms\/pl\/\" target=\"_blank\" rel=\"noopener\">Regulamin us&#322;ugi<\/a> Google.        <\/p>\n\n        <button class=\"elementor-button zoom regFormButton\" data-button=\"submit\" id=\"form-btn\" type=\"button\">\n            Submit        <\/button>\n\n        <div class=\"wrapper__rar-no\" data-modal=\"success\" style=\"display: none\">\n            <div class=\"success\">\n                <img decoding=\"async\" src=\"\/wp-content\/plugins\/fxbot-registration-form\/assets\/images\/regSuccess.png\" alt=\"Dzi&#281;kuj&#281; za rejestracj&#281;\">\n                <p>Dzi&#281;kuj&#281; za rejestracj&#281;.<br>Nasz Agent wkr&oacute;tce si&#281; z Tob&#261; skontaktuje.<br>Upewnij si&#281;, &#380;e u&#380;y&#322;e&#347; rzeczywistego numeru telefonu.<br>Twoje zdrowie.<\/p>\n            <\/div>\n        <\/div>\n\n        <div class=\"wrapper__rar-no\" data-modal=\"alternative_success\" style=\"display: none\">\n            <div class=\"success\">\n                <p class=\"reg_title\">\n                    <b>Po&#322;&#261;czy&#322;e&#347; si&#281; pomy&#347;lnie.<\/b>\n                <\/p>\n                <p>Przedstawiciel firmy skontaktuje si&#281; z tob&#261; wkr&oacute;tce. Upewnij si&#281;, &#380;e jeste&#347; dost&#281;pny telefonicznie, aby nie przegapi&#263; po&#322;&#261;czenia.<\/p>\n            <\/div>\n        <\/div>\n\n        <div class=\"wrapper__error\" data-modal=\"error\" style=\"display: none\"><\/div>\n    <\/form>\n<\/div><div class=\"submit-overlay\" style=\"display: none;\">\n    <div class=\"lds-spinner\">\n        <div><\/div>\n        <div><\/div>\n        <div><\/div>\n        <div><\/div>\n        <div><\/div>\n        <div><\/div>\n        <div><\/div>\n        <div><\/div>\n    <\/div>\n    <p class=\"overlay-text\">&#321;&#261;czenie Ci&#281; z najlepszym brokerem w Twojej okolicy<\/p>\n<\/div>\n\n\n<\/div>\n<\/div>\n<\/div>\n","protected":false},"excerpt":{"rendered":"<p>Skontaktuj si&#281; z nami &ndash; wersja KW_00001 i KW_00002 Skontaktuj si&#281; z nami ju&#380; dzi&#347; Jeste&#347;my tutaj, aby pom&oacute;c Ci w pe&#322;ni wykorzysta&#263; Twoje do&#347;wiadczenie z KW_00001. Nasz oddany zesp&oacute;&#322; wsparcia jest do Twojej dyspozycji, aby odpowiedzie&#263; na wszelkie pytania techniczne lub og&oacute;lne zwi&#261;zane ze wsparciem. Niezale&#380;nie od tego, czy masz pytanie dotycz&#261;ce naszego bota &#8230; <a title=\"Skontaktuj si\u0119 z nami\" class=\"read-more\" href=\"https:\/\/oiltraderai.com\/pl\/kontakt\/\" aria-label=\"Dowiedz si\u0119 wi\u0119cej o Skontaktuj si\u0119 z nami\">Czytaj dalej<\/a><\/p>\n","protected":false},"author":1,"featured_media":0,"parent":0,"menu_order":0,"comment_status":"closed","ping_status":"closed","template":"","meta":{"footnotes":""},"class_list":["post-5207","page","type-page","status-publish"],"_links":{"self":[{"href":"https:\/\/oiltraderai.com\/pl\/wp-json\/wp\/v2\/pages\/5207","targetHints":{"allow":["GET"]}}],"collection":[{"href":"https:\/\/oiltraderai.com\/pl\/wp-json\/wp\/v2\/pages"}],"about":[{"href":"https:\/\/oiltraderai.com\/pl\/wp-json\/wp\/v2\/types\/page"}],"author":[{"embeddable":true,"href":"https:\/\/oiltraderai.com\/pl\/wp-json\/wp\/v2\/users\/1"}],"replies":[{"embeddable":true,"href":"https:\/\/oiltraderai.com\/pl\/wp-json\/wp\/v2\/comments?post=5207"}],"version-history":[{"count":3,"href":"https:\/\/oiltraderai.com\/pl\/wp-json\/wp\/v2\/pages\/5207\/revisions"}],"predecessor-version":[{"id":16405,"href":"https:\/\/oiltraderai.com\/pl\/wp-json\/wp\/v2\/pages\/5207\/revisions\/16405"}],"wp:attachment":[{"href":"https:\/\/oiltraderai.com\/pl\/wp-json\/wp\/v2\/media?parent=5207"}],"curies":[{"name":"wp","href":"https:\/\/api.w.org\/{rel}","templated":true}]}}