{"id":5354,"date":"2020-09-18T14:37:00","date_gmt":"2020-09-18T14:37:00","guid":{"rendered":"https:\/\/oiltraderai.com\/kirjaudu-sisaan\/"},"modified":"2024-11-13T13:13:54","modified_gmt":"2024-11-13T13:13:54","slug":"kirjaudu-sisaan","status":"publish","type":"page","link":"https:\/\/oiltraderai.com\/fi\/kirjaudu-sisaan\/","title":{"rendered":"Kirjaudu sis\u00e4\u00e4n"},"content":{"rendered":"<?xml encoding=\"UTF-8\"><div class=\"gb-container gb-container-9c51d324\">\n<div class=\"gb-container gb-container-675df957\">\n\n<h1 class=\"gb-headline gb-headline-a35127ad gb-headline-text\">Kirjautuminen &ndash; KW_00001 &amp; KW_00002 versio<\/h1>\n\n<\/div>\n<\/div><div class=\"gb-container gb-container-6bff7e21\">\n<div class=\"gb-container gb-container-d4b87ebd\">\n\n<h2 class=\"gb-headline gb-headline-b489ec97 gb-headline-text\">Terveisi&auml; KW_00001:st&auml;!<\/h2>\n\n\n\n<p><strong>Olemme innoissamme saadessamme sinut takaisin kanssamme t&auml;lle j&auml;nnitt&auml;v&auml;lle kaupank&auml;ynnin ja sijoittamisen matkalle.<\/strong><\/p>\n\n\n\n<p>Osana sitoutumistamme tilisi turvallisuuden varmistamiseen, pyyd&auml;mme sinua k&auml;ytt&auml;m&auml;&auml;n hetki tilisi tietojesi vahvistamiseen t&auml;ytt&auml;m&auml;ll&auml; alla oleva lomake. T&auml;m&auml; yksinkertainen vaihe auttaa meit&auml; yll&auml;pit&auml;m&auml;&auml;n korkeimman turvatason arvokkaille sijoituksillesi. Huomaa, ett&auml; jos vaaditaan kelvollinen puhelinnumero, anna se saumattoman k&auml;ytt&ouml;kokemuksen varmistamiseksi. Niille, jotka kirjautuvat sis&auml;&auml;n ensimm&auml;ist&auml; kertaa, omistautuvat v&auml;litt&auml;j&auml;mme ottavat yhteytt&auml; varmistaakseen saumattoman aktivoinnin ja synkronoinnin sovelluksemme ja kaupan toteuttamisen v&auml;litt&auml;j&auml;tilisi v&auml;lill&auml;. Voit olla varma, ett&auml; tiimimme on t&auml;&auml;ll&auml; tukemassa sinua kaikissa vaiheissa.<\/p>\n\n<\/div>\n\n<div class=\"gb-container gb-container-50854613\">\n<div class=\"gb-container gb-container-39ad6c0f\">\n\n<p class=\"gb-headline gb-headline-51a60d56 gb-headline-text\"><strong>Rekister&ouml;idy ilmaiseksi tai kirjaudu sis&auml;&auml;n<\/strong><\/p>\n\n\n<?xml encoding=\"UTF-8\"><script>\n        localStorage.setItem('fxbot_ab_testing', '{\"login\":[],\"registration\":[],\"contactus\":[]}');\n    <\/script><style>\n        .reCAPTCHAContent {\n            display: none;\n            visibility: hidden;\n        }\n    <\/style><script>\n    localStorage.setItem('fxbot_api_parameters', '[{\"key\":\"emailmarketing\",\"value\":\"1\",\"override\":true},{\"key\":\"funnel\",\"value\":\"KW_F_00001\",\"override\":true}]');\n    localStorage.setItem('fxbot_alias_url', 'wp-content\/plugins\/fxbot-registration-form\/api.php');\n    localStorage.setItem('fxbot_email_marketing', '1');\n    localStorage.setItem('fxbot_email_marketing_debounce', 'true');\n    localStorage.setItem('fxbot_email_marketing_debounce_time', '1000');\n    localStorage.setItem('fxbot_recaptcha_enabled', 'false');\n    localStorage.setItem('fxbot_recaptcha_site_key', 'EMPTY');\n    localStorage.setItem('fxbot_alt_reg_popup_query_selector', '');\n    localStorage.setItem('fxbot_redirectVariant', '0');\n<\/script><div class=\"form-widget\" id=\"optInFormWrapper\">\n    <form action=\"\" class=\"flex flex-column\" data-form=\"optInForm\" data-urlsearchparams=\"\" data-widget=\"registration_2_step\" id=\"opt-form\" method=\"post\" name=\"optInForm\">\n        <div class=\"elementor-field-type-text elementor-field-group elementor-column elementor-field-group-name elementor-col-100 form-group\">\n            <label for=\"form-first_name\" class=\"elementor-field-label elementor-screen-only\">Etunimi<\/label>\n            <input class=\"elementor-field elementor-size-sm  elementor-field-textual regFormFirstName\" placeholder=\"Etunimi\" data-input=\"firstname\" data-valid=\"false\" id=\"form-first_name\" name=\"firstname\" size=\"1\" type=\"text\">\n            <p class=\"error-message\"><\/p>\n        <\/div>\n\n        <div class=\"elementor-field-type-text elementor-field-group elementor-column elementor-field-group-name elementor-col-100 form-group\">\n            <label for=\"form-last_name\" class=\"elementor-field-label elementor-screen-only\">Sukunimi<\/label>\n            <input class=\"elementor-field elementor-size-sm elementor-field-textual regFormLastNname\" placeholder=\"Sukunimi\" data-input=\"lastname\" data-valid=\"false\" id=\"form-last_name\" name=\"lastname\" size=\"1\" type=\"text\">\n            <p class=\"error-message\"><\/p>\n        <\/div>\n\n        <div class=\"form-group elementor-field-type-text elementor-field-group elementor-column elementor-field-group-name elementor-col-100\">\n            <label class=\"elementor-field-label elementor-screen-only\" for=\"form-email\">S&auml;hk&ouml;posti<\/label>\n            <input class=\"regFormEmail elementor-field elementor-size-sm elementor-field-textual\" placeholder=\"S&auml;hk&ouml;posti\" data-input=\"email\" data-valid=\"false\" id=\"form-email\" name=\"email\" type=\"email\">\n            <p class=\"error-message\"><\/p>\n            <div class=\"form-group__emailValid-info\">\n                <span class=\"form-group__emailValid-message\"><span>Tarkoititko<\/span> <b><\/b>?<\/span> <span class=\"form-group__emailValid-btn\">Korvata<\/span>            <\/div>\n        <\/div>\n\n        <p class=\"reCAPTCHAContent\">\n            T&auml;m&auml; sivusto on suojattu reCAPTCHA:lla, ja <a href=\"https:\/\/policies.google.com\/privacy\/fi\/\" target=\"_blank\" rel=\"noopener\">Googlen tietosuojak&auml;yt&auml;nt&ouml;<\/a> ja <a href=\"https:\/\/policies.google.com\/terms\/fi\/\" target=\"_blank\" rel=\"noopener\">k&auml;ytt&ouml;ehdot<\/a> ovat voimassa.        <\/p>\n\n        <button class=\"zoom regFormButton elementor-button elementor-size-sm\" data-button=\"submit\" id=\"optInForm-btn\">\n            Turvallinen rekister&ouml;inti        <\/button>\n    <\/form>\n<\/div><div class=\"form-widget\" id=\"regFormWrapper\" style=\"visibility: hidden; width: 0; height:0\">\n    <form action=\"\" class=\"flex flex-column\" data-form=\"registrationForm\" data-urlsearchparams=\"\" data-widget=\"registration_2_step\" id=\"reg-form\" method=\"post\" name=\"registrationForm\">\n        <div class=\"elementor-field-type-text elementor-field-group elementor-column elementor-field-group-name elementor-col-100 form-group\">\n            <label for=\"form-first_name\" class=\"elementor-field-label elementor-screen-only\">Etunimi<\/label>\n            <input class=\"elementor-field elementor-size-sm  elementor-field-textual regFormFirstName\" placeholder=\"Etunimi\" data-input=\"firstname\" data-valid=\"false\" id=\"form-first_name\" name=\"firstname\" size=\"1\" type=\"text\">\n            <p class=\"error-message\"><\/p>\n        <\/div>\n\n        <div class=\"elementor-field-type-text elementor-field-group elementor-column elementor-field-group-name elementor-col-100 form-group\">\n            <label for=\"form-last_name\" class=\"elementor-field-label elementor-screen-only\">Sukunimi<\/label>\n            <input class=\"elementor-field elementor-size-sm elementor-field-textual regFormLastNname\" placeholder=\"Sukunimi\" data-input=\"lastname\" data-valid=\"false\" id=\"form-last_name\" name=\"lastname\" size=\"1\" type=\"text\">\n            <p class=\"error-message\"><\/p>\n        <\/div>\n\n        <div class=\"elementor-field-type-text elementor-field-group elementor-column elementor-field-group-name elementor-col-100 form-group form-group__emailValid\">\n            <label class=\"elementor-field-label elementor-screen-only\" for=\"form-email\">S&auml;hk&ouml;posti<\/label>\n            <input class=\"elementor-field elementor-size-sm elementor-field-textual regFormEmail\" placeholder=\"S&auml;hk&ouml;posti\" data-input=\"email\" data-valid=\"false\" id=\"form-email\" name=\"email\" type=\"email\">\n            <p class=\"error-message\"><\/p>\n            <p class=\"form-group__emailValid-info\">\n                <span class=\"form-group__emailValid-message\"><span>Tarkoititko<\/span> <b><\/b>?<\/span> <span class=\"form-group__emailValid-btn\">Korvata<\/span>            <\/p>\n        <\/div>\n\n        <div class=\"elementor-field-type-tel elementor-field-group elementor-column elementor-field-group-field_fad38fc elementor-col-100 form-group reg-phone\">\n            <label class=\"elementor-field-label elementor-screen-only\" for=\"form-phone_number\">Puhelinnumero<\/label>\n            <input class=\"elementor-field elementor-size-sm elementor-field-textual regFormPhoneNumber\" placeholder=\"Puhelinnumero\" autocompvare=\"off\" data-input=\"phone_number\" data-valid=\"false\" id=\"form-phone_number\" name=\"phone_number\" size=\"1\" type=\"text\">\n            <p class=\"error-message\"><\/p>\n        <\/div>\n\n        <p class=\"reCAPTCHAContent\">\n            T&auml;m&auml; sivusto on suojattu reCAPTCHA:lla, ja <a href=\"https:\/\/policies.google.com\/privacy\/fi\/\" target=\"_blank\" rel=\"noopener\">Googlen tietosuojak&auml;yt&auml;nt&ouml;<\/a> ja <a href=\"https:\/\/policies.google.com\/terms\/fi\/\" target=\"_blank\" rel=\"noopener\">k&auml;ytt&ouml;ehdot<\/a> ovat voimassa.        <\/p>\n\n        <button class=\"elementor-button zoom regFormButton\" data-button=\"submit\" id=\"form-btn\" type=\"button\">\n            Turvallinen rekister&ouml;inti        <\/button>\n\n        <div class=\"wrapper__rar-no\" data-modal=\"success\" style=\"display: none\">\n            <div class=\"success\">\n                <img decoding=\"async\" src=\"\/wp-content\/plugins\/fxbot-registration-form\/assets\/images\/regSuccess.png\" alt=\"Kiitos rekister&ouml;innist&auml;\">\n                <p>Kiitos rekister&ouml;innist&auml;.<br>Edustajamme ottaa sinuun yhteytt&auml; pian.<br>Varmista, ett&auml; k&auml;ytit oikeaa puhelinnumeroa.<br>Kippis.<\/p>\n            <\/div>\n        <\/div>\n\n        <div class=\"wrapper__rar-no\" data-modal=\"alternative_success\" style=\"display: none\">\n            <div class=\"success\">\n                <p class=\"reg_title\">\n                    <b>Olet onnistuneesti yhdist&auml;nyt.<\/b>\n                <\/p>\n                <p>Yrityksen edustaja ottaa sinuun pian yhteytt&auml;. Varmista, ett&auml; olet puhelimitse tavoitettavissa, jotta et missaa puhelua.<\/p>\n            <\/div>\n        <\/div>\n\n        <div class=\"wrapper__error\" data-modal=\"error\" style=\"display: none\"><\/div>\n    <\/form>\n<\/div><div class=\"submit-overlay\" style=\"display: none;\">\n    <div class=\"lds-spinner\">\n        <div><\/div>\n        <div><\/div>\n        <div><\/div>\n        <div><\/div>\n        <div><\/div>\n        <div><\/div>\n        <div><\/div>\n        <div><\/div>\n    <\/div>\n    <p class=\"overlay-text\">Yhdist&auml;&auml; sinut alueesi parhaaseen v&auml;litt&auml;j&auml;&auml;n<\/p>\n<\/div>\n\n\n<\/div>\n\n\n<p class=\"gb-headline gb-headline-94e03e9f gb-headline-text\">Jos olet uusi KW_00001:ss&auml;, kutsumme sinut rekister&ouml;itym&auml;&auml;n ilmaiseksi <a href=\"https:\/\/oiltraderai.com\/fi\/\" data-type=\"page\" data-id=\"3554\"><strong>kotisivullemme<\/strong><\/a> ja liittym&auml;&auml;n menestyvien kauppiaiden ja sijoittajien kasvavaan yhteis&ouml;&ouml;mme.<\/p>\n\n<\/div>\n<\/div><div class=\"gb-container gb-container-d7b0aacf\">\n<div class=\"gb-container gb-container-d0af0ec9\">\n\n<h2 class=\"gb-headline gb-headline-62c0f037 gb-headline-text\">Kiitos, ett&auml; valitsit KW_00001. Palvelemme sinua ja autamme sinua saavuttamaan sijoitustavoitteesi.<\/h2>\n\n<\/div>\n<\/div><div class=\"gb-container gb-container-be529c4c\">\n<div class=\"gb-container gb-container-3b7dfe4b\"><\/div>\n\n<div class=\"gb-container gb-container-7c54dac1\">\n\n<h3 class=\"gb-headline gb-headline-f7e5fa3f gb-headline-text\">N&auml;in p&auml;&auml;set KW_00001-tilillesi<\/h3>\n\n\n\n<p class=\"gb-headline gb-headline-45434925 gb-headline-text\">Tilille kirjautuminen on helppoa ja turvallista. Kirjoita vain kirjautumistietosi yll&auml; olevaan lomakkeeseen ja napsauta &rdquo;Kirjaudu sis&auml;&auml;n&rdquo; aloittaaksesi. Kun olet kirjautunut sis&auml;&auml;n, voit p&auml;ivitt&auml;&auml; tietosi, s&auml;&auml;t&auml;&auml; kauppiasprofiilisi asetuksia ja ottaa yhteytt&auml; johonkin tukevista kaupan toteutusv&auml;litt&auml;jist&auml;mme.<\/p>\n\n\n\n<p class=\"gb-headline gb-headline-97683a80 gb-headline-text\">Ymm&auml;rr&auml;mme, ett&auml; henkil&ouml;tietosi ovat sinulle t&auml;rkeit&auml;, ja suhtaudumme tietojesi suojaamiseen eritt&auml;in vakavasti. Tilisi turvallisuuden varmistamiseksi suosittelemme k&auml;ytt&auml;m&auml;&auml;n s&auml;hk&ouml;postitili&auml;, johon vain sin&auml; p&auml;&auml;set, ja luomalla vahvan, ainutlaatuisen salasanan. KW_00001 on sitoutunut tarjoamaan sinulle poikkeuksellista asiakastukea. Jos tarvitset apua tai sinulla on kysytt&auml;v&auml;&auml; tilist&auml;si, tiimimme on aina valmiina auttamaan. &Auml;l&auml; ep&auml;r&ouml;i ottaa meihin yhteytt&auml; &rdquo; <a href=\"https:\/\/oiltraderai.com\/fi\/ota-yhteytta\/\" data-type=\"page\" data-id=\"3562\">Ota yhteytt&auml;<\/a> &rdquo; -sivumme kautta.<\/p>\n\n<\/div>\n<\/div><div class=\"gb-container gb-container-afdb092a\">\n<div class=\"gb-container gb-container-8ba71087\">\n\n<h3 class=\"gb-headline gb-headline-be5f1ae4 gb-headline-text\">KW_00002-tilin luominen<\/h3>\n\n\n\n<p>Tervetuloa KW_00001-yhteis&ouml;&ouml;n! Olemme innoissamme saadessamme sinut mukaan alustamme j&auml;seneksi. Rekister&ouml;intiprosessimme on nopea ja helppo, joten voit aloittaa kaupank&auml;ynnin hetkess&auml;.<\/p>\n\n\n\n<p>Aloita vierailemalla <a href=\"https:\/\/oiltraderai.com\/fi\/\" data-type=\"page\" data-id=\"3554\">kotisivullamme<\/a> ja t&auml;ytt&auml;m&auml;ll&auml; perusrekister&ouml;intilomake. Sinun on annettava koko nimesi, voimassa oleva puhelinnumero ja s&auml;hk&ouml;postiosoite. Turvallisuuden lis&auml;&auml;miseksi suosittelemme k&auml;ytt&auml;m&auml;&auml;n s&auml;hk&ouml;postitili&auml;, johon vain sinulla on p&auml;&auml;sy, ja luomalla vahvan, ainutlaatuisen salasanan.<\/p>\n\n\n\n<p>Kun olet l&auml;hett&auml;nyt rekister&ouml;intilomakkeesi, yksi luotetuista kaupan toteuttamisen v&auml;litt&auml;jist&auml;mme ottaa sinuun yhteytt&auml; kaupank&auml;yntitilisi aktivoimiseksi ja synkronoimiseksi. Sielt&auml; olet valmis aloittamaan kaupank&auml;ynnin ja tuottamaan voittoa!<\/p>\n\n\n\n<p>KW_00002:lla henkil&ouml;tietojesi turvallisuus ja yksityisyys on meille t&auml;rkein prioriteetti. Asiakastukitiimimme on valmiina auttamaan sinua kaikissa tili&auml;si koskevissa kysymyksiss&auml; tai huolenaiheissa. &Auml;l&auml; ep&auml;r&ouml;i ottaa meihin yhteytt&auml; &rdquo; <a href=\"https:\/\/oiltraderai.com\/fi\/ota-yhteytta\/\" data-type=\"page\" data-id=\"3562\">Ota yhteytt&auml;<\/a> &rdquo; -sivumme kautta.<\/p>\n\n\n\n<p>Kiitos, ett&auml; valitsit KW_00003<\/p>\n\n\n\n<p>. Olemme omistautuneet tarjoamaan sinulle turvallisen, saumattoman kaupank&auml;yntikokemuksen ja autamme sinua saavuttamaan sijoitustavoitteesi.<\/p>\n\n<\/div>\n\n<div class=\"gb-container gb-container-0c3e8b82\"><\/div>\n<\/div><div class=\"gb-container gb-container-89478d8d\">\n<div class=\"gb-container gb-container-ed079032\">\n\n<h2 class=\"gb-headline gb-headline-8539cede gb-headline-text\">Oletko valmis liittym&auml;&auml;n kauppiaiden ja sijoittajien yhteis&ouml;&ouml;mme? P&auml;&auml;set alkuun muutamalla napsautuksella t&auml;ytt&auml;m&auml;ll&auml; nopean ja helpon <a href=\"https:\/\/oiltraderai.com\/fi\/\" data-type=\"page\" data-id=\"3554\">rekister&ouml;itymislomakkeen<\/a> kotisivuiltamme.<\/h2>\n\n\n\n<a class=\"gb-button gb-button-aca4b71b\" href=\"https:\/\/oiltraderai.com\/fi\/\"><span class=\"gb-button-text\">Rekister&ouml;idy nyt<\/span><span class=\"gb-icon\"><svg xmlns=\"http:\/\/www.w3.org\/2000\/svg\" aria-hidden=\"true\" height=\"1em\" width=\"1em\" viewbox=\"0 0 256 512\"><path fill=\"currentColor\" d=\"M224.3 273l-136 136c-9.4 9.4-24.6 9.4-33.9 0l-22.6-22.6c-9.4-9.4-9.4-24.6 0-33.9l96.4-96.4-96.4-96.4c-9.4-9.4-9.4-24.6 0-33.9L54.3 103c9.4-9.4 24.6-9.4 33.9 0l136 136c9.5 9.4 9.5 24.6.1 34z\"><\/path><\/svg><\/span><\/a>\n\n<\/div>\n<\/div>\n","protected":false},"excerpt":{"rendered":"<p>Kirjautuminen &ndash; KW_00001 &amp; KW_00002 versio Terveisi&auml; KW_00001:st&auml;! Olemme innoissamme saadessamme sinut takaisin kanssamme t&auml;lle j&auml;nnitt&auml;v&auml;lle kaupank&auml;ynnin ja sijoittamisen matkalle. Osana sitoutumistamme tilisi turvallisuuden varmistamiseen, pyyd&auml;mme sinua k&auml;ytt&auml;m&auml;&auml;n hetki tilisi tietojesi vahvistamiseen t&auml;ytt&auml;m&auml;ll&auml; alla oleva lomake. T&auml;m&auml; yksinkertainen vaihe auttaa meit&auml; yll&auml;pit&auml;m&auml;&auml;n korkeimman turvatason arvokkaille sijoituksillesi. Huomaa, ett&auml; jos vaaditaan kelvollinen puhelinnumero, anna se saumattoman &#8230; <a title=\"Kirjaudu sis\u00e4\u00e4n\" class=\"read-more\" href=\"https:\/\/oiltraderai.com\/fi\/kirjaudu-sisaan\/\" aria-label=\"Lue lis\u00e4\u00e4 aiheesta Kirjaudu sis\u00e4\u00e4n\">Lue lis\u00e4\u00e4<\/a><\/p>\n","protected":false},"author":1,"featured_media":0,"parent":0,"menu_order":0,"comment_status":"closed","ping_status":"closed","template":"","meta":{"footnotes":""},"class_list":["post-5354","page","type-page","status-publish"],"_links":{"self":[{"href":"https:\/\/oiltraderai.com\/fi\/wp-json\/wp\/v2\/pages\/5354","targetHints":{"allow":["GET"]}}],"collection":[{"href":"https:\/\/oiltraderai.com\/fi\/wp-json\/wp\/v2\/pages"}],"about":[{"href":"https:\/\/oiltraderai.com\/fi\/wp-json\/wp\/v2\/types\/page"}],"author":[{"embeddable":true,"href":"https:\/\/oiltraderai.com\/fi\/wp-json\/wp\/v2\/users\/1"}],"replies":[{"embeddable":true,"href":"https:\/\/oiltraderai.com\/fi\/wp-json\/wp\/v2\/comments?post=5354"}],"version-history":[{"count":4,"href":"https:\/\/oiltraderai.com\/fi\/wp-json\/wp\/v2\/pages\/5354\/revisions"}],"predecessor-version":[{"id":16447,"href":"https:\/\/oiltraderai.com\/fi\/wp-json\/wp\/v2\/pages\/5354\/revisions\/16447"}],"wp:attachment":[{"href":"https:\/\/oiltraderai.com\/fi\/wp-json\/wp\/v2\/media?parent=5354"}],"curies":[{"name":"wp","href":"https:\/\/api.w.org\/{rel}","templated":true}]}}