{"id":5363,"date":"2020-09-18T14:37:00","date_gmt":"2020-09-18T14:37:00","guid":{"rendered":"https:\/\/oiltraderai.com\/prihlaseni\/"},"modified":"2024-11-13T13:14:02","modified_gmt":"2024-11-13T13:14:02","slug":"prihlaseni","status":"publish","type":"page","link":"https:\/\/oiltraderai.com\/cs\/prihlaseni\/","title":{"rendered":"P\u0159ihl\u00e1sit se"},"content":{"rendered":"<?xml encoding=\"UTF-8\"><div class=\"gb-container gb-container-9c51d324\">\n<div class=\"gb-container gb-container-675df957\">\n\n<h1 class=\"gb-headline gb-headline-a35127ad gb-headline-text\">P&#345;ihl&aacute;&scaron;en&iacute; &ndash; verze KW_00001 &amp; KW_00002<\/h1>\n\n<\/div>\n<\/div><div class=\"gb-container gb-container-6bff7e21\">\n<div class=\"gb-container gb-container-d4b87ebd\">\n\n<h2 class=\"gb-headline gb-headline-b489ec97 gb-headline-text\">Zdrav&iacute;m v&aacute;s z KW_00001!<\/h2>\n\n\n\n<p><strong>Jsme nad&scaron;eni, &#382;e jste zp&#283;t s n&aacute;mi na t&eacute;to vzru&scaron;uj&iacute;c&iacute; cest&#283; obchodov&aacute;n&iacute; a investov&aacute;n&iacute;.<\/strong><\/p>\n\n\n\n<p>V r&aacute;mci na&scaron;eho z&aacute;vazku zajistit bezpe&#269;nost va&scaron;eho &uacute;&#269;tu v&aacute;s laskav&#283; &#382;&aacute;d&aacute;me, abyste si na&scaron;li chvilku na op&#283;tovn&eacute; potvrzen&iacute; &uacute;daj&#367; o va&scaron;em &uacute;&#269;tu vypln&#283;n&iacute;m n&iacute;&#382;e uveden&eacute;ho formul&aacute;&#345;e. Tento jednoduch&yacute; krok n&aacute;m pom&#367;&#382;e udr&#382;et nejvy&scaron;&scaron;&iacute; &uacute;rove&#328; zabezpe&#269;en&iacute; va&scaron;ich cenn&yacute;ch investic. Vezm&#283;te pros&iacute;m na v&#283;dom&iacute;, &#382;e pokud je vy&#382;adov&aacute;no platn&eacute; telefonn&iacute; &#269;&iacute;slo, uve&#271;te je, abyste zajistili bezprobl&eacute;mov&yacute; provoz. Pro ty, kte&#345;&iacute; se p&#345;ihl&aacute;s&iacute; poprv&eacute;, budou na&scaron;i specializovan&iacute; makl&eacute;&#345;i v kontaktu, aby zajistili bezprobl&eacute;movou aktivaci a synchronizaci mezi na&scaron;&iacute; aplikac&iacute; a va&scaron;&iacute;m &uacute;&#269;tem makl&eacute;&#345;e pro prov&aacute;d&#283;n&iacute; obchod&#367;. Bu&#271;te si jisti, &#382;e n&aacute;&scaron; t&yacute;m je tu, aby v&aacute;s podpo&#345;il na ka&#382;d&eacute;m kroku.<\/p>\n\n<\/div>\n\n<div class=\"gb-container gb-container-50854613\">\n<div class=\"gb-container gb-container-39ad6c0f\">\n\n<p class=\"gb-headline gb-headline-51a60d56 gb-headline-text\"><strong>Zaregistrujte se zdarma nebo se p&#345;ihlaste<\/strong><\/p>\n\n\n<?xml encoding=\"UTF-8\"><script>\n        localStorage.setItem('fxbot_ab_testing', '{\"login\":[],\"registration\":[],\"contactus\":[]}');\n    <\/script><style>\n        .reCAPTCHAContent {\n            display: none;\n            visibility: hidden;\n        }\n    <\/style><script>\n    localStorage.setItem('fxbot_api_parameters', '[{\"key\":\"emailmarketing\",\"value\":\"1\",\"override\":true},{\"key\":\"funnel\",\"value\":\"KW_F_00001\",\"override\":true}]');\n    localStorage.setItem('fxbot_alias_url', 'wp-content\/plugins\/fxbot-registration-form\/api.php');\n    localStorage.setItem('fxbot_email_marketing', '1');\n    localStorage.setItem('fxbot_email_marketing_debounce', 'true');\n    localStorage.setItem('fxbot_email_marketing_debounce_time', '1000');\n    localStorage.setItem('fxbot_recaptcha_enabled', 'false');\n    localStorage.setItem('fxbot_recaptcha_site_key', 'EMPTY');\n    localStorage.setItem('fxbot_alt_reg_popup_query_selector', '');\n    localStorage.setItem('fxbot_redirectVariant', '0');\n<\/script><div class=\"form-widget\" id=\"optInFormWrapper\">\n    <form action=\"\" class=\"flex flex-column\" data-form=\"optInForm\" data-urlsearchparams=\"\" data-widget=\"registration_2_step\" id=\"opt-form\" method=\"post\" name=\"optInForm\">\n        <div class=\"elementor-field-type-text elementor-field-group elementor-column elementor-field-group-name elementor-col-100 form-group\">\n            <label for=\"form-first_name\" class=\"elementor-field-label elementor-screen-only\">Jm&eacute;no<\/label>\n            <input class=\"elementor-field elementor-size-sm  elementor-field-textual regFormFirstName\" placeholder=\"Jm&eacute;no\" data-input=\"firstname\" data-valid=\"false\" id=\"form-first_name\" name=\"firstname\" size=\"1\" type=\"text\">\n            <p class=\"error-message\"><\/p>\n        <\/div>\n\n        <div class=\"elementor-field-type-text elementor-field-group elementor-column elementor-field-group-name elementor-col-100 form-group\">\n            <label for=\"form-last_name\" class=\"elementor-field-label elementor-screen-only\">P&#345;&iacute;jmen&iacute;<\/label>\n            <input class=\"elementor-field elementor-size-sm elementor-field-textual regFormLastNname\" placeholder=\"P&#345;&iacute;jmen&iacute;\" data-input=\"lastname\" data-valid=\"false\" id=\"form-last_name\" name=\"lastname\" size=\"1\" type=\"text\">\n            <p class=\"error-message\"><\/p>\n        <\/div>\n\n        <div class=\"form-group elementor-field-type-text elementor-field-group elementor-column elementor-field-group-name elementor-col-100\">\n            <label class=\"elementor-field-label elementor-screen-only\" for=\"form-email\">E-mailem<\/label>\n            <input class=\"regFormEmail elementor-field elementor-size-sm elementor-field-textual\" placeholder=\"E-mailem\" data-input=\"email\" data-valid=\"false\" id=\"form-email\" name=\"email\" type=\"email\">\n            <p class=\"error-message\"><\/p>\n            <div class=\"form-group__emailValid-info\">\n                <span class=\"form-group__emailValid-message\"><span>M&#283;li jste na mysli<\/span> <b><\/b>?<\/span> <span class=\"form-group__emailValid-btn\">Nahradit<\/span>            <\/div>\n        <\/div>\n\n        <p class=\"reCAPTCHAContent\">\n            Tento web je chr&aacute;n&#283;n reCAPTCHA a plat&iacute; <a href=\"https:\/\/policies.google.com\/privacy\/cs\/\" target=\"_blank\" rel=\"noopener\">Z&aacute;sady ochrany osobn&iacute;ch &uacute;daj&#367; Google<\/a> a <a href=\"https:\/\/policies.google.com\/terms\/cs\/\" target=\"_blank\" rel=\"noopener\">Podm&iacute;nky slu&#382;by<\/a>.        <\/p>\n\n        <button class=\"zoom regFormButton elementor-button elementor-size-sm\" data-button=\"submit\" id=\"optInForm-btn\">\n            Bezpe&#269;n&aacute; registrace        <\/button>\n    <\/form>\n<\/div><div class=\"form-widget\" id=\"regFormWrapper\" style=\"visibility: hidden; width: 0; height:0\">\n    <form action=\"\" class=\"flex flex-column\" data-form=\"registrationForm\" data-urlsearchparams=\"\" data-widget=\"registration_2_step\" id=\"reg-form\" method=\"post\" name=\"registrationForm\">\n        <div class=\"elementor-field-type-text elementor-field-group elementor-column elementor-field-group-name elementor-col-100 form-group\">\n            <label for=\"form-first_name\" class=\"elementor-field-label elementor-screen-only\">Jm&eacute;no<\/label>\n            <input class=\"elementor-field elementor-size-sm  elementor-field-textual regFormFirstName\" placeholder=\"Jm&eacute;no\" data-input=\"firstname\" data-valid=\"false\" id=\"form-first_name\" name=\"firstname\" size=\"1\" type=\"text\">\n            <p class=\"error-message\"><\/p>\n        <\/div>\n\n        <div class=\"elementor-field-type-text elementor-field-group elementor-column elementor-field-group-name elementor-col-100 form-group\">\n            <label for=\"form-last_name\" class=\"elementor-field-label elementor-screen-only\">P&#345;&iacute;jmen&iacute;<\/label>\n            <input class=\"elementor-field elementor-size-sm elementor-field-textual regFormLastNname\" placeholder=\"P&#345;&iacute;jmen&iacute;\" data-input=\"lastname\" data-valid=\"false\" id=\"form-last_name\" name=\"lastname\" size=\"1\" type=\"text\">\n            <p class=\"error-message\"><\/p>\n        <\/div>\n\n        <div class=\"elementor-field-type-text elementor-field-group elementor-column elementor-field-group-name elementor-col-100 form-group form-group__emailValid\">\n            <label class=\"elementor-field-label elementor-screen-only\" for=\"form-email\">E-mailem<\/label>\n            <input class=\"elementor-field elementor-size-sm elementor-field-textual regFormEmail\" placeholder=\"E-mailem\" data-input=\"email\" data-valid=\"false\" id=\"form-email\" name=\"email\" type=\"email\">\n            <p class=\"error-message\"><\/p>\n            <p class=\"form-group__emailValid-info\">\n                <span class=\"form-group__emailValid-message\"><span>M&#283;li jste na mysli<\/span> <b><\/b>?<\/span> <span class=\"form-group__emailValid-btn\">Nahradit<\/span>            <\/p>\n        <\/div>\n\n        <div class=\"elementor-field-type-tel elementor-field-group elementor-column elementor-field-group-field_fad38fc elementor-col-100 form-group reg-phone\">\n            <label class=\"elementor-field-label elementor-screen-only\" for=\"form-phone_number\">Telefonn&iacute; &#269;&iacute;slo<\/label>\n            <input class=\"elementor-field elementor-size-sm elementor-field-textual regFormPhoneNumber\" placeholder=\"Telefonn&iacute; &#269;&iacute;slo\" autocompvare=\"off\" data-input=\"phone_number\" data-valid=\"false\" id=\"form-phone_number\" name=\"phone_number\" size=\"1\" type=\"text\">\n            <p class=\"error-message\"><\/p>\n        <\/div>\n\n        <p class=\"reCAPTCHAContent\">\n            Tento web je chr&aacute;n&#283;n reCAPTCHA a plat&iacute; <a href=\"https:\/\/policies.google.com\/privacy\/cs\/\" target=\"_blank\" rel=\"noopener\">Z&aacute;sady ochrany osobn&iacute;ch &uacute;daj&#367; Google<\/a> a <a href=\"https:\/\/policies.google.com\/terms\/cs\/\" target=\"_blank\" rel=\"noopener\">Podm&iacute;nky slu&#382;by<\/a>.        <\/p>\n\n        <button class=\"elementor-button zoom regFormButton\" data-button=\"submit\" id=\"form-btn\" type=\"button\">\n            Bezpe&#269;n&aacute; registrace        <\/button>\n\n        <div class=\"wrapper__rar-no\" data-modal=\"success\" style=\"display: none\">\n            <div class=\"success\">\n                <img decoding=\"async\" src=\"\/wp-content\/plugins\/fxbot-registration-form\/assets\/images\/regSuccess.png\" alt=\"D&#283;kujeme za registraci\">\n                <p>D&#283;kujeme za registraci.<br> N&aacute;&scaron; agent v&aacute;s brzy kontaktuje.<br> Ujist&#283;te se, &#382;e jste pou&#382;ili skute&#269;n&eacute; telefonn&iacute; &#269;&iacute;slo.<br> D&iacute;ky.<\/p>\n            <\/div>\n        <\/div>\n\n        <div class=\"wrapper__rar-no\" data-modal=\"alternative_success\" style=\"display: none\">\n            <div class=\"success\">\n                <p class=\"reg_title\">\n                    <b>&Uacute;sp&#283;&scaron;n&#283; jste se p&#345;ipojili.<\/b>\n                <\/p>\n                <p>Z&aacute;stupce spole&#269;nosti v&aacute;s brzy kontaktuje. Ujist&#283;te se, &#382;e jste k dispozici telefonicky, abyste nezme&scaron;kali hovor.<\/p>\n            <\/div>\n        <\/div>\n\n        <div class=\"wrapper__error\" data-modal=\"error\" style=\"display: none\"><\/div>\n    <\/form>\n<\/div><div class=\"submit-overlay\" style=\"display: none;\">\n    <div class=\"lds-spinner\">\n        <div><\/div>\n        <div><\/div>\n        <div><\/div>\n        <div><\/div>\n        <div><\/div>\n        <div><\/div>\n        <div><\/div>\n        <div><\/div>\n    <\/div>\n    <p class=\"overlay-text\">Spoj&iacute;me v&aacute;s s nejlep&scaron;&iacute;m makl&eacute;&#345;em ve va&scaron;&iacute; oblasti<\/p>\n<\/div>\n\n\n<\/div>\n\n\n<p class=\"gb-headline gb-headline-94e03e9f gb-headline-text\">Pokud jste v KW_00001 nov&iacute;, zveme v&aacute;s k bezplatn&eacute; registraci na na&scaron;&iacute; <a href=\"https:\/\/oiltraderai.com\/cs\/\" data-type=\"page\" data-id=\"3554\"><strong>domovsk&eacute; str&aacute;nce<\/strong><\/a> a p&#345;ipojte se k na&scaron;&iacute; rostouc&iacute; komunit&#283; &uacute;sp&#283;&scaron;n&yacute;ch obchodn&iacute;k&#367; a investor&#367;.<\/p>\n\n<\/div>\n<\/div><div class=\"gb-container gb-container-d7b0aacf\">\n<div class=\"gb-container gb-container-d0af0ec9\">\n\n<h2 class=\"gb-headline gb-headline-62c0f037 gb-headline-text\">D&#283;kujeme, &#382;e jste si vybrali KW_00001. T&#283;&scaron;&iacute;me se, &#382;e v&aacute;m budeme slou&#382;it a pom&#367;&#382;eme v&aacute;m dos&aacute;hnout va&scaron;ich investi&#269;n&iacute;ch c&iacute;l&#367;.<\/h2>\n\n<\/div>\n<\/div><div class=\"gb-container gb-container-be529c4c\">\n<div class=\"gb-container gb-container-3b7dfe4b\"><\/div>\n\n<div class=\"gb-container gb-container-7c54dac1\">\n\n<h3 class=\"gb-headline gb-headline-f7e5fa3f gb-headline-text\">Jak z&iacute;skat p&#345;&iacute;stup ke sv&eacute;mu &uacute;&#269;tu KW_00001<\/h3>\n\n\n\n<p class=\"gb-headline gb-headline-45434925 gb-headline-text\">P&#345;ihl&aacute;&scaron;en&iacute; ke sv&eacute;mu &uacute;&#269;tu je snadn&eacute; a bezpe&#269;n&eacute;. Sta&#269;&iacute; zadat sv&eacute; p&#345;ihla&scaron;ovac&iacute; &uacute;daje do v&yacute;&scaron;e uveden&eacute;ho formul&aacute;&#345;e a kliknout na &bdquo;P&#345;ihl&aacute;sit se&ldquo;, abyste mohli za&#269;&iacute;t. Jakmile vstoup&iacute;te, m&#367;&#382;ete aktualizovat sv&eacute; informace, upravit nastaven&iacute; sv&eacute;ho profilu obchodn&iacute;ka a spojit se s jedn&iacute;m z na&scaron;ich podp&#367;rn&yacute;ch makl&eacute;&#345;&#367; pro prov&aacute;d&#283;n&iacute; obchod&#367;.<\/p>\n\n\n\n<p class=\"gb-headline gb-headline-97683a80 gb-headline-text\">Ch&aacute;peme, &#382;e jsou pro v&aacute;s va&scaron;e osobn&iacute; &uacute;daje d&#367;le&#382;it&eacute;, a ochranu va&scaron;ich &uacute;daj&#367; bereme velmi v&aacute;&#382;n&#283;. Pro zaji&scaron;t&#283;n&iacute; bezpe&#269;nosti va&scaron;eho &uacute;&#269;tu doporu&#269;ujeme pou&#382;&iacute;vat e-mailov&yacute; &uacute;&#269;et, ke kter&eacute;mu m&aacute;te p&#345;&iacute;stup pouze vy, a vytvo&#345;it si siln&eacute; a jedine&#269;n&eacute; heslo. Ve spole&#269;nosti KW_00001 jsme odhodl&aacute;ni poskytovat v&aacute;m v&yacute;jime&#269;nou z&aacute;kaznickou podporu. Pokud pot&#345;ebujete pomoc nebo m&aacute;te n&#283;jak&eacute; dotazy ohledn&#283; sv&eacute;ho &uacute;&#269;tu, n&aacute;&scaron; t&yacute;m je v&aacute;m v&#382;dy k dispozici. Nev&aacute;hejte n&aacute;s kontaktovat prost&#345;ednictv&iacute;m na&scaron;&iacute; str&aacute;nky &bdquo; <a href=\"https:\/\/oiltraderai.com\/cs\/kontakt\/\" data-type=\"page\" data-id=\"3562\">Kontaktujte n&aacute;s<\/a> &ldquo;.<\/p>\n\n<\/div>\n<\/div><div class=\"gb-container gb-container-afdb092a\">\n<div class=\"gb-container gb-container-8ba71087\">\n\n<h3 class=\"gb-headline gb-headline-be5f1ae4 gb-headline-text\">Jak vytvo&#345;it &uacute;&#269;et KW_00002<\/h3>\n\n\n\n<p>V&iacute;tejte v komunit&#283; KW_00001! Jsme r&aacute;di, &#382;e v&aacute;s m&aacute;me na palub&#283; jako &#269;lena na&scaron;&iacute; platformy. N&aacute;&scaron; registra&#269;n&iacute; proces je rychl&yacute; a snadn&yacute;, tak&#382;e m&#367;&#382;ete za&#269;&iacute;t obchodovat b&#283;hem okam&#382;iku.<\/p>\n\n\n\n<p>Chcete-li za&#269;&iacute;t, jednodu&scaron;e nav&scaron;tivte na&scaron;i <a href=\"https:\/\/oiltraderai.com\/cs\/\" data-type=\"page\" data-id=\"3554\">domovskou str&aacute;nku<\/a> a vypl&#328;te z&aacute;kladn&iacute; registra&#269;n&iacute; formul&aacute;&#345;. Budete muset uv&eacute;st sv&eacute; cel&eacute; jm&eacute;no, platn&eacute; telefonn&iacute; &#269;&iacute;slo a e-mailovou adresu. Pro v&#283;t&scaron;&iacute; zabezpe&#269;en&iacute; doporu&#269;ujeme pou&#382;&iacute;vat e-mailov&yacute; &uacute;&#269;et, ke kter&eacute;mu m&aacute;te p&#345;&iacute;stup pouze vy, a vytvo&#345;it si siln&eacute; a jedine&#269;n&eacute; heslo.<\/p>\n\n\n\n<p>Jakmile ode&scaron;lete sv&#367;j registra&#269;n&iacute; formul&aacute;&#345;, spoj&iacute; se s v&aacute;mi jeden z na&scaron;ich d&#367;v&#283;ryhodn&yacute;ch broker&#367; pro realizaci obchodu, aby aktivoval a synchronizoval v&aacute;&scaron; obchodn&iacute; &uacute;&#269;et. Odtud jste p&#345;ipraveni za&#269;&iacute;t obchodovat a vyd&#283;l&aacute;vat!<\/p>\n\n\n\n<p>U KW_00002 je bezpe&#269;nost a soukrom&iacute; va&scaron;ich osobn&iacute;ch &uacute;daj&#367; na&scaron;&iacute; nejvy&scaron;&scaron;&iacute; prioritou. N&aacute;&scaron; t&yacute;m z&aacute;kaznick&eacute; podpory je k dispozici, aby v&aacute;m pomohl s jak&yacute;mikoli dotazy nebo probl&eacute;my, kter&eacute; byste mohli m&iacute;t ohledn&#283; sv&eacute;ho &uacute;&#269;tu. Nev&aacute;hejte n&aacute;s kontaktovat prost&#345;ednictv&iacute;m na&scaron;&iacute; str&aacute;nky &bdquo; <a href=\"https:\/\/oiltraderai.com\/cs\/kontakt\/\" data-type=\"page\" data-id=\"3562\">Kontaktujte n&aacute;s<\/a> &ldquo;.<\/p>\n\n\n\n<p>D&#283;kujeme, &#382;e jste si vybrali KW_00003<\/p>\n\n\n\n<p>. Jsme odhodl&aacute;ni poskytovat v&aacute;m bezpe&#269;n&eacute; a bezprobl&eacute;mov&eacute; obchodov&aacute;n&iacute; a t&#283;&scaron;&iacute;me se, &#382;e v&aacute;m pom&#367;&#382;eme dos&aacute;hnout va&scaron;ich investi&#269;n&iacute;ch c&iacute;l&#367;.<\/p>\n\n<\/div>\n\n<div class=\"gb-container gb-container-0c3e8b82\"><\/div>\n<\/div><div class=\"gb-container gb-container-89478d8d\">\n<div class=\"gb-container gb-container-ed079032\">\n\n<h2 class=\"gb-headline gb-headline-8539cede gb-headline-text\">Jste p&#345;ipraveni p&#345;ipojit se k na&scaron;&iacute; komunit&#283; obchodn&iacute;k&#367; a investor&#367;? M&#367;&#382;ete za&#269;&iacute;t pouh&yacute;mi n&#283;kolika kliknut&iacute;mi vypln&#283;n&iacute;m rychl&eacute;ho a snadn&eacute;ho <a href=\"https:\/\/oiltraderai.com\/cs\/\" data-type=\"page\" data-id=\"3554\">registra&#269;n&iacute;ho formul&aacute;&#345;e<\/a> um&iacute;st&#283;n&eacute;ho na na&scaron;&iacute; domovsk&eacute; str&aacute;nce.<\/h2>\n\n\n\n<a class=\"gb-button gb-button-aca4b71b\" href=\"https:\/\/oiltraderai.com\/cs\/\"><span class=\"gb-button-text\">Zaregistrujte se nyn&iacute;<\/span><span class=\"gb-icon\"><svg xmlns=\"http:\/\/www.w3.org\/2000\/svg\" aria-hidden=\"true\" height=\"1em\" width=\"1em\" viewbox=\"0 0 256 512\"><path fill=\"currentColor\" d=\"M224.3 273l-136 136c-9.4 9.4-24.6 9.4-33.9 0l-22.6-22.6c-9.4-9.4-9.4-24.6 0-33.9l96.4-96.4-96.4-96.4c-9.4-9.4-9.4-24.6 0-33.9L54.3 103c9.4-9.4 24.6-9.4 33.9 0l136 136c9.5 9.4 9.5 24.6.1 34z\"><\/path><\/svg><\/span><\/a>\n\n<\/div>\n<\/div>\n","protected":false},"excerpt":{"rendered":"<p>P&#345;ihl&aacute;&scaron;en&iacute; &ndash; verze KW_00001 &amp; KW_00002 Zdrav&iacute;m v&aacute;s z KW_00001! Jsme nad&scaron;eni, &#382;e jste zp&#283;t s n&aacute;mi na t&eacute;to vzru&scaron;uj&iacute;c&iacute; cest&#283; obchodov&aacute;n&iacute; a investov&aacute;n&iacute;. V r&aacute;mci na&scaron;eho z&aacute;vazku zajistit bezpe&#269;nost va&scaron;eho &uacute;&#269;tu v&aacute;s laskav&#283; &#382;&aacute;d&aacute;me, abyste si na&scaron;li chvilku na op&#283;tovn&eacute; potvrzen&iacute; &uacute;daj&#367; o va&scaron;em &uacute;&#269;tu vypln&#283;n&iacute;m n&iacute;&#382;e uveden&eacute;ho formul&aacute;&#345;e. Tento jednoduch&yacute; krok n&aacute;m pom&#367;&#382;e &#8230; <a title=\"P\u0159ihl\u00e1sit se\" class=\"read-more\" href=\"https:\/\/oiltraderai.com\/cs\/prihlaseni\/\" aria-label=\"\u010c\u00edst v\u00edce o P\u0159ihl\u00e1sit se\">Read more<\/a><\/p>\n","protected":false},"author":1,"featured_media":0,"parent":0,"menu_order":0,"comment_status":"closed","ping_status":"closed","template":"","meta":{"footnotes":""},"class_list":["post-5363","page","type-page","status-publish"],"_links":{"self":[{"href":"https:\/\/oiltraderai.com\/cs\/wp-json\/wp\/v2\/pages\/5363","targetHints":{"allow":["GET"]}}],"collection":[{"href":"https:\/\/oiltraderai.com\/cs\/wp-json\/wp\/v2\/pages"}],"about":[{"href":"https:\/\/oiltraderai.com\/cs\/wp-json\/wp\/v2\/types\/page"}],"author":[{"embeddable":true,"href":"https:\/\/oiltraderai.com\/cs\/wp-json\/wp\/v2\/users\/1"}],"replies":[{"embeddable":true,"href":"https:\/\/oiltraderai.com\/cs\/wp-json\/wp\/v2\/comments?post=5363"}],"version-history":[{"count":4,"href":"https:\/\/oiltraderai.com\/cs\/wp-json\/wp\/v2\/pages\/5363\/revisions"}],"predecessor-version":[{"id":16453,"href":"https:\/\/oiltraderai.com\/cs\/wp-json\/wp\/v2\/pages\/5363\/revisions\/16453"}],"wp:attachment":[{"href":"https:\/\/oiltraderai.com\/cs\/wp-json\/wp\/v2\/media?parent=5363"}],"curies":[{"name":"wp","href":"https:\/\/api.w.org\/{rel}","templated":true}]}}