{"id":5339,"date":"2020-09-18T14:36:50","date_gmt":"2020-09-18T14:36:50","guid":{"rendered":"https:\/\/oiltraderai.com\/o-strankach\/"},"modified":"2024-11-17T17:44:39","modified_gmt":"2024-11-17T17:44:39","slug":"o-strankach","status":"publish","type":"page","link":"https:\/\/oiltraderai.com\/cs\/o-strankach\/","title":{"rendered":"O"},"content":{"rendered":"<?xml encoding=\"UTF-8\"><div class=\"gb-container gb-container-9c51d324\">\n<div class=\"gb-container gb-container-675df957\">\n\n<h1 class=\"gb-headline gb-headline-a35127ad gb-headline-text\">O verzi KW_00001 a KW_00002<\/h1>\n\n<\/div>\n<\/div><div class=\"gb-container gb-container-287f468b\">\n<div class=\"gb-container gb-container-bcf9f1d9\">\n<div class=\"gb-container gb-container-231269ec\">\n\n<p class=\"gb-headline gb-headline-15821d32 gb-headline-text\"><strong>P&#345;e&#269;t&#283;te si o na&scaron;&iacute; platform&#283; &ndash; bezplatn&aacute; registrace<\/strong><\/p>\n\n\n<?xml encoding=\"UTF-8\"><script>\n        localStorage.setItem('fxbot_ab_testing', '{\"login\":[],\"registration\":[],\"contactus\":[]}');\n    <\/script><style>\n        .reCAPTCHAContent {\n            display: none;\n            visibility: hidden;\n        }\n    <\/style><script>\n    localStorage.setItem('fxbot_api_parameters', '[{\"key\":\"emailmarketing\",\"value\":\"1\",\"override\":true},{\"key\":\"funnel\",\"value\":\"KW_F_00001\",\"override\":true}]');\n    localStorage.setItem('fxbot_alias_url', 'wp-content\/plugins\/fxbot-registration-form\/api.php');\n    localStorage.setItem('fxbot_email_marketing', '1');\n    localStorage.setItem('fxbot_email_marketing_debounce', 'true');\n    localStorage.setItem('fxbot_email_marketing_debounce_time', '1000');\n    localStorage.setItem('fxbot_recaptcha_enabled', 'false');\n    localStorage.setItem('fxbot_recaptcha_site_key', 'EMPTY');\n    localStorage.setItem('fxbot_alt_reg_popup_query_selector', '');\n    localStorage.setItem('fxbot_redirectVariant', '0');\n<\/script><div class=\"form-widget\" id=\"optInFormWrapper\">\n    <form action=\"\" class=\"flex flex-column\" data-form=\"optInForm\" data-urlsearchparams=\"\" data-widget=\"registration_2_step\" id=\"opt-form\" method=\"post\" name=\"optInForm\">\n        <div class=\"elementor-field-type-text elementor-field-group elementor-column elementor-field-group-name elementor-col-100 form-group\">\n            <label for=\"form-first_name\" class=\"elementor-field-label elementor-screen-only\">Jm&eacute;no<\/label>\n            <input class=\"elementor-field elementor-size-sm  elementor-field-textual regFormFirstName\" placeholder=\"Jm&eacute;no\" data-input=\"firstname\" data-valid=\"false\" id=\"form-first_name\" name=\"firstname\" size=\"1\" type=\"text\">\n            <p class=\"error-message\"><\/p>\n        <\/div>\n\n        <div class=\"elementor-field-type-text elementor-field-group elementor-column elementor-field-group-name elementor-col-100 form-group\">\n            <label for=\"form-last_name\" class=\"elementor-field-label elementor-screen-only\">P&#345;&iacute;jmen&iacute;<\/label>\n            <input class=\"elementor-field elementor-size-sm elementor-field-textual regFormLastNname\" placeholder=\"P&#345;&iacute;jmen&iacute;\" data-input=\"lastname\" data-valid=\"false\" id=\"form-last_name\" name=\"lastname\" size=\"1\" type=\"text\">\n            <p class=\"error-message\"><\/p>\n        <\/div>\n\n        <div class=\"form-group elementor-field-type-text elementor-field-group elementor-column elementor-field-group-name elementor-col-100\">\n            <label class=\"elementor-field-label elementor-screen-only\" for=\"form-email\">E-mailem<\/label>\n            <input class=\"regFormEmail elementor-field elementor-size-sm elementor-field-textual\" placeholder=\"E-mailem\" data-input=\"email\" data-valid=\"false\" id=\"form-email\" name=\"email\" type=\"email\">\n            <p class=\"error-message\"><\/p>\n            <div class=\"form-group__emailValid-info\">\n                <span class=\"form-group__emailValid-message\"><span>M&#283;li jste na mysli<\/span> <b><\/b>?<\/span> <span class=\"form-group__emailValid-btn\">Nahradit<\/span>            <\/div>\n        <\/div>\n\n        <p class=\"reCAPTCHAContent\">\n            Tento web je chr&aacute;n&#283;n reCAPTCHA a plat&iacute; <a href=\"https:\/\/policies.google.com\/privacy\/cs\/\" target=\"_blank\" rel=\"noopener\">Z&aacute;sady ochrany osobn&iacute;ch &uacute;daj&#367; Google<\/a> a <a href=\"https:\/\/policies.google.com\/terms\/cs\/\" target=\"_blank\" rel=\"noopener\">Podm&iacute;nky slu&#382;by<\/a>.        <\/p>\n\n        <button class=\"zoom regFormButton elementor-button elementor-size-sm\" data-button=\"submit\" id=\"optInForm-btn\">\n            Learn More        <\/button>\n    <\/form>\n<\/div><div class=\"form-widget\" id=\"regFormWrapper\" style=\"visibility: hidden; width: 0; height:0\">\n    <form action=\"\" class=\"flex flex-column\" data-form=\"registrationForm\" data-urlsearchparams=\"\" data-widget=\"registration_2_step\" id=\"reg-form\" method=\"post\" name=\"registrationForm\">\n        <div class=\"elementor-field-type-text elementor-field-group elementor-column elementor-field-group-name elementor-col-100 form-group\">\n            <label for=\"form-first_name\" class=\"elementor-field-label elementor-screen-only\">Jm&eacute;no<\/label>\n            <input class=\"elementor-field elementor-size-sm  elementor-field-textual regFormFirstName\" placeholder=\"Jm&eacute;no\" data-input=\"firstname\" data-valid=\"false\" id=\"form-first_name\" name=\"firstname\" size=\"1\" type=\"text\">\n            <p class=\"error-message\"><\/p>\n        <\/div>\n\n        <div class=\"elementor-field-type-text elementor-field-group elementor-column elementor-field-group-name elementor-col-100 form-group\">\n            <label for=\"form-last_name\" class=\"elementor-field-label elementor-screen-only\">P&#345;&iacute;jmen&iacute;<\/label>\n            <input class=\"elementor-field elementor-size-sm elementor-field-textual regFormLastNname\" placeholder=\"P&#345;&iacute;jmen&iacute;\" data-input=\"lastname\" data-valid=\"false\" id=\"form-last_name\" name=\"lastname\" size=\"1\" type=\"text\">\n            <p class=\"error-message\"><\/p>\n        <\/div>\n\n        <div class=\"elementor-field-type-text elementor-field-group elementor-column elementor-field-group-name elementor-col-100 form-group form-group__emailValid\">\n            <label class=\"elementor-field-label elementor-screen-only\" for=\"form-email\">E-mailem<\/label>\n            <input class=\"elementor-field elementor-size-sm elementor-field-textual regFormEmail\" placeholder=\"E-mailem\" data-input=\"email\" data-valid=\"false\" id=\"form-email\" name=\"email\" type=\"email\">\n            <p class=\"error-message\"><\/p>\n            <p class=\"form-group__emailValid-info\">\n                <span class=\"form-group__emailValid-message\"><span>M&#283;li jste na mysli<\/span> <b><\/b>?<\/span> <span class=\"form-group__emailValid-btn\">Nahradit<\/span>            <\/p>\n        <\/div>\n\n        <div class=\"elementor-field-type-tel elementor-field-group elementor-column elementor-field-group-field_fad38fc elementor-col-100 form-group reg-phone\">\n            <label class=\"elementor-field-label elementor-screen-only\" for=\"form-phone_number\">Telefonn&iacute; &#269;&iacute;slo<\/label>\n            <input class=\"elementor-field elementor-size-sm elementor-field-textual regFormPhoneNumber\" placeholder=\"Telefonn&iacute; &#269;&iacute;slo\" autocompvare=\"off\" data-input=\"phone_number\" data-valid=\"false\" id=\"form-phone_number\" name=\"phone_number\" size=\"1\" type=\"text\">\n            <p class=\"error-message\"><\/p>\n        <\/div>\n\n        <p class=\"reCAPTCHAContent\">\n            Tento web je chr&aacute;n&#283;n reCAPTCHA a plat&iacute; <a href=\"https:\/\/policies.google.com\/privacy\/cs\/\" target=\"_blank\" rel=\"noopener\">Z&aacute;sady ochrany osobn&iacute;ch &uacute;daj&#367; Google<\/a> a <a href=\"https:\/\/policies.google.com\/terms\/cs\/\" target=\"_blank\" rel=\"noopener\">Podm&iacute;nky slu&#382;by<\/a>.        <\/p>\n\n        <button class=\"elementor-button zoom regFormButton\" data-button=\"submit\" id=\"form-btn\" type=\"button\">\n            Learn More        <\/button>\n\n        <div class=\"wrapper__rar-no\" data-modal=\"success\" style=\"display: none\">\n            <div class=\"success\">\n                <img decoding=\"async\" src=\"\/wp-content\/plugins\/fxbot-registration-form\/assets\/images\/regSuccess.png\" alt=\"D&#283;kujeme za registraci\">\n                <p>D&#283;kujeme za registraci.<br> N&aacute;&scaron; agent v&aacute;s brzy kontaktuje.<br> Ujist&#283;te se, &#382;e jste pou&#382;ili skute&#269;n&eacute; telefonn&iacute; &#269;&iacute;slo.<br> D&iacute;ky.<\/p>\n            <\/div>\n        <\/div>\n\n        <div class=\"wrapper__rar-no\" data-modal=\"alternative_success\" style=\"display: none\">\n            <div class=\"success\">\n                <p class=\"reg_title\">\n                    <b>&Uacute;sp&#283;&scaron;n&#283; jste se p&#345;ipojili.<\/b>\n                <\/p>\n                <p>Z&aacute;stupce spole&#269;nosti v&aacute;s brzy kontaktuje. Ujist&#283;te se, &#382;e jste k dispozici telefonicky, abyste nezme&scaron;kali hovor.<\/p>\n            <\/div>\n        <\/div>\n\n        <div class=\"wrapper__error\" data-modal=\"error\" style=\"display: none\"><\/div>\n    <\/form>\n<\/div><div class=\"submit-overlay\" style=\"display: none;\">\n    <div class=\"lds-spinner\">\n        <div><\/div>\n        <div><\/div>\n        <div><\/div>\n        <div><\/div>\n        <div><\/div>\n        <div><\/div>\n        <div><\/div>\n        <div><\/div>\n    <\/div>\n    <p class=\"overlay-text\">Spoj&iacute;me v&aacute;s s nejlep&scaron;&iacute;m makl&eacute;&#345;em ve va&scaron;&iacute; oblasti<\/p>\n<\/div>\n\n\n<\/div>\n<\/div>\n\n<div class=\"gb-container gb-container-830f474a\">\n\n<h2 class=\"gb-headline gb-headline-db283a53 gb-headline-text\">KW_00001<\/h2>\n\n\n\n<p>V&iacute;tejte v KW_00001, &scaron;pi&#269;kov&eacute; platform&#283; pro automatizovan&eacute; obchodov&aacute;n&iacute; s ropou. N&aacute;&scaron; syst&eacute;m s um&#283;lou inteligenc&iacute; je navr&#382;en tak, aby v&aacute;m pomohl maximalizovat va&scaron;e zisky a z&aacute;rove&#328; minimalizovat va&scaron;e rizika. S t&yacute;mem zku&scaron;en&yacute;ch obchodn&iacute;k&#367; a v&yacute;voj&aacute;&#345;&#367; jsme vybudovali platformu, kter&aacute; kombinuje nejnov&#283;j&scaron;&iacute; technologie s odbornou anal&yacute;zou a strategi&iacute;. Jsme odhodl&aacute;ni poskytovat na&scaron;im u&#382;ivatel&#367;m nejlep&scaron;&iacute; mo&#382;n&eacute; obchodn&iacute; zku&scaron;enosti a pom&aacute;hat jim dos&aacute;hnout jejich investi&#269;n&iacute;ch c&iacute;l&#367;. P&#345;ipojte se k n&aacute;m je&scaron;t&#283; dnes a za&#269;n&#283;te obchodovat jako profesion&aacute;l s KW_00001.<\/p>\n\n<\/div>\n<\/div><div class=\"gb-container gb-container-1bdeec8b\">\n<div class=\"gb-container gb-container-9d34a979\"><\/div>\n\n<div class=\"gb-container gb-container-1e789d4e\">\n\n<h3 class=\"gb-headline gb-headline-29613722 gb-headline-text\">Na&scaron;e mise<\/h3>\n\n\n\n<p>Na&scaron;&iacute;m posl&aacute;n&iacute;m je umo&#382;nit jednotlivc&#367;m p&#345;evz&iacute;t kontrolu nad svou finan&#269;n&iacute; budoucnost&iacute; poskytov&aacute;n&iacute;m p&#345;&iacute;stupu na sv&#283;tov&eacute; finan&#269;n&iacute; trhy prost&#345;ednictv&iacute;m u&#382;ivatelsky p&#345;&iacute;v&#283;tiv&eacute; a inovativn&iacute; obchodn&iacute; platformy. Sna&#382;&iacute;me se vytvo&#345;it inkluzivn&iacute; a r&#367;znorodou komunitu obchodn&iacute;k&#367; a investor&#367;, kte&#345;&iacute; mohou t&#283;&#382;it z na&scaron;ich n&aacute;stroj&#367;, vzd&#283;l&aacute;n&iacute; a zdroj&#367;.<\/p>\n\n\n\n<h3 class=\"gb-headline gb-headline-696d8dcd gb-headline-text\">Na&scaron;e hodnoty<\/h3>\n\n\n\n<p>V KW_00001 jsou na&scaron;e z&aacute;kladn&iacute; hodnoty zalo&#382;eny na integrit&#283;, dostupnosti, vzd&#283;l&aacute;v&aacute;n&iacute;, komunit&#283; a inovac&iacute;ch. V&#283;&#345;&iacute;me, &#382;e up&#345;ednostn&#283;n&iacute;m t&#283;chto hodnot m&#367;&#382;eme vytvo&#345;it platformu, kter&aacute; obchodn&iacute;k&#367;m a investor&#367;m umo&#382;n&iacute; s jistotou dosahovat sv&yacute;ch finan&#269;n&iacute;ch c&iacute;l&#367;. Se z&aacute;vazkem k dokonalosti ve v&scaron;em, co d&#283;l&aacute;me, se neust&aacute;le sna&#382;&iacute;me zlep&scaron;ovat a inovovat, abychom si udr&#382;eli n&aacute;skok v neust&aacute;le se m&#283;n&iacute;c&iacute;m sv&#283;t&#283; obchodov&aacute;n&iacute;. P&#345;ipojte se k n&aacute;m je&scaron;t&#283; dnes a za&#382;ijte rozd&iacute;l, kter&yacute; tvo&#345;&iacute; na&scaron;e hodnoty.<\/p>\n\n<\/div>\n<\/div><div class=\"gb-container gb-container-33aaeadf\">\n\n<ul class=\"wp-block-list\">\n<li><strong>Integrita<\/strong> :<br> Dodr&#382;ujeme nejvy&scaron;&scaron;&iacute; etick&eacute; standardy a v na&scaron;ich obchodn&iacute;ch praktik&aacute;ch jsme transparentn&iacute;.<\/li>\n\n\n\n<li><strong>P&#345;&iacute;stupnost<\/strong> :<br> Jsme p&#345;esv&#283;d&#269;eni, &#382;e ka&#382;d&yacute; by m&#283;l m&iacute;t p&#345;&iacute;stup na sv&#283;tov&eacute; finan&#269;n&iacute; trhy bez ohledu na sv&eacute; z&aacute;zem&iacute; nebo finan&#269;n&iacute; situaci.<\/li>\n\n\n\n<li><strong>vzd&#283;l&aacute;n&iacute;<\/strong> :<br> Zav&aacute;zali jsme se poskytovat na&scaron;im u&#382;ivatel&#367;m znalosti a zdroje, kter&eacute; pot&#345;ebuj&iacute; k p&#345;ij&iacute;m&aacute;n&iacute; informovan&yacute;ch obchodn&iacute;ch rozhodnut&iacute;.<\/li>\n\n\n\n<li><strong>Inovace<\/strong> :<br> Neust&aacute;le se sna&#382;&iacute;me vylep&scaron;ovat na&scaron;i platformu a slu&#382;by, abychom na&scaron;im u&#382;ivatel&#367;m poskytovali co nejlep&scaron;&iacute; obchodn&iacute; zku&scaron;enost.<\/li>\n\n\n\n<li><strong>komunita<\/strong> :<br> V&#283;&#345;&iacute;me, &#382;e obchodov&aacute;n&iacute; a investov&aacute;n&iacute; m&#367;&#382;e b&yacute;t spole&#269;nou a soci&aacute;ln&iacute; zku&scaron;enost&iacute;, a na&scaron;&iacute;m c&iacute;lem je podporovat podp&#367;rnou a inkluzivn&iacute; komunitu obchodn&iacute;k&#367; a investor&#367;.<\/li>\n<\/ul>\n\n<\/div><div class=\"gb-container gb-container-39bfdacb\">\n<div class=\"gb-container gb-container-45f3ab74\">\n\n<h3 class=\"gb-headline gb-headline-e982b89b\"><span class=\"gb-icon\"><svg xmlns=\"http:\/\/www.w3.org\/2000\/svg\" viewbox=\"0 0 3 36.7\"><path d=\"M0 0h3v36.7H0z\"><\/path><\/svg><\/span><span class=\"gb-headline-text\">P&#345;ipojte se nyn&iacute; a sta&#328;te se sou&#269;&aacute;st&iacute; na&scaron;&iacute; komunity!<\/span><\/h3>\n\n\n\n<a class=\"gb-button gb-button-a3e3ab09\" href=\"https:\/\/oiltraderai.com\/cs\/\"><span class=\"gb-button-text\">P&#345;idej se te&#271;<\/span><span class=\"gb-icon\"><svg xmlns=\"http:\/\/www.w3.org\/2000\/svg\" viewbox=\"0 0 256 512\" width=\"1em\" height=\"1em\" aria-hidden=\"true\"><path d=\"M224.3 273l-136 136c-9.4 9.4-24.6 9.4-33.9 0l-22.6-22.6c-9.4-9.4-9.4-24.6 0-33.9l96.4-96.4-96.4-96.4c-9.4-9.4-9.4-24.6 0-33.9L54.3 103c9.4-9.4 24.6-9.4 33.9 0l136 136c9.5 9.4 9.5 24.6.1 34z\" fill=\"currentColor\"><\/path><\/svg><\/span><\/a>\n\n<\/div>\n<\/div><div class=\"gb-container gb-container-2f1060d4\">\n\n<p class=\"gb-headline gb-headline-ad8bf0b0\"><span class=\"gb-icon\"><svg xmlns=\"http:\/\/www.w3.org\/2000\/svg\" width=\"48\" height=\"48\" viewbox=\"0 0 24 24\" class=\"feather feather-minus\"><path d=\"M5 12h14\"><\/path><\/svg><\/span><span class=\"gb-headline-text\">Co n&aacute;s na rop&#283; fascinuje<\/span><\/p>\n\n\n\n<p>Na <a href=\"https:\/\/oiltraderai.com\/cs\/trader-ai\/\">KW_00002<\/a> zji&scaron;&#357;ujeme, &#382;e ropa je neuv&#283;&#345;iteln&#283; fascinuj&iacute;c&iacute; komodita, kter&aacute; m&aacute; v&yacute;znamn&yacute; glob&aacute;ln&iacute; dopad. Ropa je omezen&yacute; zdroj, kter&yacute; je nezbytn&yacute; pro modern&iacute; &#382;ivot, proto&#382;e je prim&aacute;rn&iacute;m zdrojem energie, kter&yacute; poh&aacute;n&iacute; dopravu, v&yacute;robu a dal&scaron;&iacute; pr&#367;myslov&aacute; odv&#283;tv&iacute;. Trh s ropou je i p&#345;es sv&#367;j v&yacute;znam vysoce komplexn&iacute; a dynamick&yacute;, ovlivn&#283;n&yacute; r&#367;zn&yacute;mi faktory, kter&eacute; ovliv&#328;uj&iacute; nab&iacute;dku, popt&aacute;vku a ceny.<\/p>\n\n\n\n<p>Jedn&iacute;m z nejzaj&iacute;mav&#283;j&scaron;&iacute;ch fakt&#367; o rop&#283; je jej&iacute; p&#367;vod. Surov&aacute; ropa se tvo&#345;&iacute; ze zbytk&#367; starov&#283;k&yacute;ch rostlin a &#382;ivo&#269;ich&#367;, kte&#345;&iacute; zem&#345;eli p&#345;ed miliony let. Postupem &#269;asu byly tyto poz&#367;statky poh&#345;beny hluboko pod zem&iacute; a vystaveny vysok&eacute;mu tlaku a teplot&#283;, co&#382; vedlo ke vzniku lo&#382;isek ropy. Prvn&iacute; ropn&yacute; vrt na sv&#283;t&#283; byl vyvrt&aacute;n v Pensylv&aacute;nii v roce 1859 a od t&eacute; doby se ropn&yacute; pr&#367;mysl rozrostl a stal se jedn&iacute;m z nejv&#283;t&scaron;&iacute;ch a nejvlivn&#283;j&scaron;&iacute;ch pr&#367;myslov&yacute;ch odv&#283;tv&iacute; na sv&#283;t&#283;.<\/p>\n\n\n\n<p>Dnes je ropa nejaktivn&#283;ji obchodovanou komoditou na sv&#283;t&#283;, ka&#382;d&yacute; den se zobchoduj&iacute; miliardy barel&#367;. Nejv&#283;t&scaron;&iacute;m sv&#283;tov&yacute;m producentem ropy jsou v sou&#269;asnosti Spojen&eacute; st&aacute;ty, n&aacute;sledovan&eacute; Sa&uacute;dskou Ar&aacute;bi&iacute; a Ruskem. Cenu ropy v&scaron;ak ovliv&#328;uje mnoho faktor&#367;, v&#269;etn&#283; glob&aacute;ln&iacute;ch ekonomick&yacute;ch podm&iacute;nek, geopolitick&yacute;ch ud&aacute;lost&iacute; a jedn&aacute;n&iacute; hlavn&iacute;ch zem&iacute; produkuj&iacute;c&iacute;ch ropu. Ceny ropy mohou nap&#345;&iacute;klad vzr&#367;st, pokud existuj&iacute; obavy z p&#345;eru&scaron;en&iacute; dod&aacute;vek v d&#367;sledku politick&yacute;ch nepokoj&#367; nebo p&#345;&iacute;rodn&iacute;ch katastrof.<\/p>\n\n\n\n<p>Dal&scaron;&iacute;m fascinuj&iacute;c&iacute;m faktem o rop&#283; je, &#382;e jej&iacute; cena je &uacute;zce sv&aacute;z&aacute;na s hodnotou americk&eacute;ho dolaru. Vzhledem k tomu, &#382;e ropa se po cel&eacute;m sv&#283;t&#283; obchoduje v dolarech, zm&#283;ny hodnoty dolaru mohou v&yacute;razn&#283; ovlivnit ceny ropy. Kdy&#382; je dolar siln&yacute;, ceny ropy maj&iacute; tendenci klesat, zat&iacute;mco slab&scaron;&iacute; dolar m&#367;&#382;e v&eacute;st k vy&scaron;&scaron;&iacute;m cen&aacute;m ropy. Tento vztah mezi ropou a americk&yacute;m dolarem podtrhuje d&#367;le&#382;itost sledov&aacute;n&iacute; glob&aacute;ln&iacute;ch ekonomick&yacute;ch podm&iacute;nek a kol&iacute;s&aacute;n&iacute; m&#283;n p&#345;i obchodov&aacute;n&iacute; s ropou.<\/p>\n\n\n\n<p>Ve spole&#269;nosti KW_00002 rozum&iacute;me slo&#382;itosti trhu s ropou a poskytujeme obchodn&iacute;k&#367;m zdroje a n&aacute;stroje, kter&eacute; pot&#345;ebuj&iacute; k &uacute;sp&#283;chu. A&#357; u&#382; jste za&#269;&iacute;naj&iacute;c&iacute; nebo zku&scaron;en&yacute; obchodn&iacute;k, nab&iacute;z&iacute;me &scaron;irokou &scaron;k&aacute;lu obchodn&iacute;ch n&aacute;stroj&#367;, pokro&#269;il&eacute; n&aacute;stroje pro tvorbu graf&#367; a expertn&iacute; anal&yacute;zy, kter&eacute; v&aacute;m pomohou &#269;init informovan&aacute; obchodn&iacute; rozhodnut&iacute;. P&#345;ipojte se k n&aacute;m je&scaron;t&#283; dnes a vyzkou&scaron;ejte s&iacute;lu na&scaron;&iacute; platformy.<\/p>\n\n<\/div><div class=\"gb-container gb-container-8344146a\">\n<div class=\"gb-container gb-container-a9a1694b\">\n\n<p class=\"gb-headline gb-headline-f4cc9691\"><span class=\"gb-icon\"><svg xmlns=\"http:\/\/www.w3.org\/2000\/svg\" viewbox=\"0 0 36.7 3\"><path d=\"M0 0h36.7v3H0z\"><\/path><\/svg><\/span><span class=\"gb-headline-text\">co ud&#283;lalo z ropy jedine&#269;n&eacute; aktivum<\/span><\/p>\n\n\n\n<p class=\"gb-headline gb-headline-9b72687c gb-headline-text\">Ropa je jedine&#269;n&yacute;m obchodn&iacute;m aktivem d&iacute;ky sv&eacute; z&aacute;sadn&iacute; roli v glob&aacute;ln&iacute; ekonomice, slo&#382;it&eacute;mu trhu a dopadu na v&iacute;ce pr&#367;myslov&yacute;ch odv&#283;tv&iacute;. Se st&aacute;lou popt&aacute;vkou a v z&aacute;vislosti na geopolitick&yacute;ch ud&aacute;lostech a ekonomick&yacute;ch podm&iacute;nk&aacute;ch poskytuje ropa obchodn&iacute;k&#367;m r&#367;zn&eacute; p&#345;&iacute;le&#382;itosti. V&yacute;znamnou roli v podm&iacute;nk&aacute;ch obchodov&aacute;n&iacute; s ropou hraj&iacute; tak&eacute; regulace a dohled vl&aacute;d a mezin&aacute;rodn&iacute;ch organizac&iacute;.<\/p>\n\n<\/div>\n<\/div><div class=\"gb-container gb-container-794e4a3d\">\n\n<p class=\"gb-headline gb-headline-c8c669c4\"><span class=\"gb-icon\"><svg xmlns=\"http:\/\/www.w3.org\/2000\/svg\" width=\"48\" height=\"48\" viewbox=\"0 0 24 24\" class=\"feather feather-minus\"><path d=\"M5 12h14\"><\/path><\/svg><\/span><span class=\"gb-headline-text\">Pro&#269; si pro obchodov&aacute;n&iacute; vybrat ropu?<\/span><\/p>\n\n\n\n<p>R&aacute;di bychom v&aacute;m poskytli &#269;ty&#345;i p&#345;esv&#283;d&#269;iv&eacute; d&#367;vody, pro&#269; v&#283;&#345;&iacute;me, &#382;e ropa je pro obchodov&aacute;n&iacute; v&yacute;hodnou investi&#269;n&iacute; mo&#382;nost&iacute;.<\/p>\n\n\n\n<ol class=\"wp-block-list\">\n<li><strong>Z&aacute;kladn&iacute; komodita<\/strong> : Surov&aacute; ropa je &#382;ivotn&#283; d&#367;le&#382;it&aacute; komodita, po kter&eacute; je neust&aacute;le popt&aacute;vka.<\/li>\n\n\n\n<li><strong>Glob&aacute;ln&iacute; povaha<\/strong> : Trh s ropou podl&eacute;h&aacute; geopolitick&yacute;m ud&aacute;lostem a glob&aacute;ln&iacute;m ekonomick&yacute;m podm&iacute;nk&aacute;m, co&#382; obchodn&iacute;k&#367;m poskytuje r&#367;zn&eacute; p&#345;&iacute;le&#382;itosti.<\/li>\n\n\n\n<li><strong>Komplexn&iacute; trh<\/strong> : Trh s ropou je komplexn&iacute; a dynamick&yacute; a nab&iacute;z&iacute; obchodn&iacute;k&#367;m &#345;adu obchodn&iacute;ch p&#345;&iacute;le&#382;itost&iacute; a v&yacute;zev.<\/li>\n\n\n\n<li><strong>Ripple Effects<\/strong> : Zm&#283;ny v cen&#283; ropy mohou m&iacute;t dopad na mnoho dal&scaron;&iacute;ch pr&#367;myslov&yacute;ch odv&#283;tv&iacute; a vytv&aacute;&#345;et vlnov&eacute; efekty v cel&eacute; glob&aacute;ln&iacute; ekonomice.<\/li>\n\n\n\n<li><strong>P&#345;edpisy a dohled<\/strong> : Trh s ropou podl&eacute;h&aacute; rozs&aacute;hl&yacute;m regulac&iacute;m a dohledu ze strany vl&aacute;d a mezin&aacute;rodn&iacute;ch organizac&iacute;, co&#382; obchodn&iacute;k&#367;m zaji&scaron;&#357;uje transparentnost a stabilitu.<\/li>\n<\/ol>\n\n<\/div><div class=\"gb-container gb-container-b6de64f3\">\n\n<h3 class=\"gb-headline gb-headline-5e6c0a0b gb-headline-text\">Jste p&#345;ipraveni ud&#283;lat dal&scaron;&iacute; krok? Zaregistrujte se nyn&iacute;!<\/h3>\n\n\n\n<a class=\"gb-button gb-button-61c77220\" href=\"https:\/\/oiltraderai.com\/cs\/\"><span class=\"gb-button-text\">Zaregistrujte se nyn&iacute;<\/span><span class=\"gb-icon\"><svg xmlns=\"http:\/\/www.w3.org\/2000\/svg\" aria-hidden=\"true\" height=\"1em\" width=\"1em\" viewbox=\"0 0 256 512\"><path fill=\"currentColor\" d=\"M224.3 273l-136 136c-9.4 9.4-24.6 9.4-33.9 0l-22.6-22.6c-9.4-9.4-9.4-24.6 0-33.9l96.4-96.4-96.4-96.4c-9.4-9.4-9.4-24.6 0-33.9L54.3 103c9.4-9.4 24.6-9.4 33.9 0l136 136c9.5 9.4 9.5 24.6.1 34z\"><\/path><\/svg><\/span><\/a>\n\n<\/div>\n","protected":false},"excerpt":{"rendered":"<p>O verzi KW_00001 a KW_00002 P&#345;e&#269;t&#283;te si o na&scaron;&iacute; platform&#283; &ndash; bezplatn&aacute; registrace KW_00001 V&iacute;tejte v KW_00001, &scaron;pi&#269;kov&eacute; platform&#283; pro automatizovan&eacute; obchodov&aacute;n&iacute; s ropou. N&aacute;&scaron; syst&eacute;m s um&#283;lou inteligenc&iacute; je navr&#382;en tak, aby v&aacute;m pomohl maximalizovat va&scaron;e zisky a z&aacute;rove&#328; minimalizovat va&scaron;e rizika. S t&yacute;mem zku&scaron;en&yacute;ch obchodn&iacute;k&#367; a v&yacute;voj&aacute;&#345;&#367; jsme vybudovali platformu, kter&aacute; kombinuje nejnov&#283;j&scaron;&iacute; &#8230; <a title=\"O\" class=\"read-more\" href=\"https:\/\/oiltraderai.com\/cs\/o-strankach\/\" aria-label=\"\u010c\u00edst v\u00edce o O\">Read more<\/a><\/p>\n","protected":false},"author":1,"featured_media":0,"parent":0,"menu_order":0,"comment_status":"closed","ping_status":"closed","template":"","meta":{"footnotes":""},"class_list":["post-5339","page","type-page","status-publish"],"_links":{"self":[{"href":"https:\/\/oiltraderai.com\/cs\/wp-json\/wp\/v2\/pages\/5339","targetHints":{"allow":["GET"]}}],"collection":[{"href":"https:\/\/oiltraderai.com\/cs\/wp-json\/wp\/v2\/pages"}],"about":[{"href":"https:\/\/oiltraderai.com\/cs\/wp-json\/wp\/v2\/types\/page"}],"author":[{"embeddable":true,"href":"https:\/\/oiltraderai.com\/cs\/wp-json\/wp\/v2\/users\/1"}],"replies":[{"embeddable":true,"href":"https:\/\/oiltraderai.com\/cs\/wp-json\/wp\/v2\/comments?post=5339"}],"version-history":[{"count":3,"href":"https:\/\/oiltraderai.com\/cs\/wp-json\/wp\/v2\/pages\/5339\/revisions"}],"predecessor-version":[{"id":16473,"href":"https:\/\/oiltraderai.com\/cs\/wp-json\/wp\/v2\/pages\/5339\/revisions\/16473"}],"wp:attachment":[{"href":"https:\/\/oiltraderai.com\/cs\/wp-json\/wp\/v2\/media?parent=5339"}],"curies":[{"name":"wp","href":"https:\/\/api.w.org\/{rel}","templated":true}]}}